{"id":3377,"date":"2020-07-13T17:12:32","date_gmt":"2020-07-13T15:12:32","guid":{"rendered":"https:\/\/cienfuegos.fr\/?post_type=product&#038;p=3377"},"modified":"2020-08-18T17:15:51","modified_gmt":"2020-08-18T15:15:51","slug":"el-viajero-sedentario","status":"publish","type":"product","link":"https:\/\/cienfuegos.fr\/index.php\/product\/el-viajero-sedentario\/","title":{"rendered":"El viajero sedentario"},"content":{"rendered":"","protected":false},"excerpt":{"rendered":"<p>Autor: Chirbes<br \/>\nEditorial: Anagrama<br \/>\nA\u00f1o de publicaci\u00f3n:<br \/>\nN\u00famero de p\u00e1ginas:<br \/>\nI.S.B.N:<\/p>\n<p>Un largo e intenso viaje a trav\u00e9s del mundo: Chirbes empieza su paseo literario en las calles de Pek\u00edn y lo cierra en la contemplaci\u00f3n de una esc\u00e9ptica estampa mediterr\u00e1nea. En el medio del recorrido, una educaci\u00f3n sentimental. Escribir es, entonces, salvar la distancia entre lo que el viajero desea y lo que de verdad se encuentra. Los mercados de Cant\u00f3n, el esplendor de Hamburgo, el Par\u00eds postal del Sena, la m\u00fasica de mariachis en Guadalajara, los rascacielos de Hong Kong, el fluir del tiempo en la Plaza Mayor de Salamanca, son escenarios que devuelven la historia \u00edntima de una ilusi\u00f3n que el paso del tiempo y el conocimiento han ido tejiendo hasta componer una forma de enfrentar la vida. As\u00ed, la reflexi\u00f3n acerca de los mecanismos que construyen la ciudad alterna con lecturas, paseos y experiencias, y este viajero sedentario nos muestra c\u00f3mo ha aprendido lo que desconoc\u00eda de s\u00ed mismo en el reverso de la ilusi\u00f3n de cada etapa.<\/p>\n","protected":false},"featured_media":4980,"comment_status":"closed","ping_status":"closed","template":"","meta":[],"class_list":{"0":"post-3377","1":"product","2":"type-product","3":"status-publish","4":"has-post-thumbnail","6":"product_cat-narrativa","7":"post","9":"first","10":"instock","11":"taxable","12":"shipping-taxable","13":"purchasable","14":"product-type-simple"},"_links":{"self":[{"href":"https:\/\/cienfuegos.fr\/index.php\/wp-json\/wp\/v2\/product\/3377","targetHints":{"allow":["GET"]}}],"collection":[{"href":"https:\/\/cienfuegos.fr\/index.php\/wp-json\/wp\/v2\/product"}],"about":[{"href":"https:\/\/cienfuegos.fr\/index.php\/wp-json\/wp\/v2\/types\/product"}],"replies":[{"embeddable":true,"href":"https:\/\/cienfuegos.fr\/index.php\/wp-json\/wp\/v2\/comments?post=3377"}],"wp:featuredmedia":[{"embeddable":true,"href":"https:\/\/cienfuegos.fr\/index.php\/wp-json\/wp\/v2\/media\/4980"}],"wp:attachment":[{"href":"https:\/\/cienfuegos.fr\/index.php\/wp-json\/wp\/v2\/media?parent=3377"}],"curies":[{"name":"wp","href":"https:\/\/api.w.org\/{rel}","templated":true}]}}