{"id":3375,"date":"2020-07-13T17:12:29","date_gmt":"2020-07-13T15:12:29","guid":{"rendered":"https:\/\/cienfuegos.fr\/?post_type=product&#038;p=3375"},"modified":"2020-08-10T00:00:53","modified_gmt":"2020-08-09T22:00:53","slug":"mis-dos-mundos","status":"publish","type":"product","link":"https:\/\/cienfuegos.fr\/index.php\/product\/mis-dos-mundos\/","title":{"rendered":"Mis dos mundos"},"content":{"rendered":"","protected":false},"excerpt":{"rendered":"<p>Autor: Chejfec, Sergio<br \/>\nEditorial: Candaya<br \/>\nA\u00f1o de publicaci\u00f3n:<br \/>\nN\u00famero de p\u00e1ginas:<br \/>\nI.S.B.N:<\/p>\n<p>Este relato es la cr\u00f3nica de un caminador. De paso por una ciudad del sur del Brasil, el escritor celebra haber encontrado el parque ajustado a su situaci\u00f3n an\u00edmica; pero poco a poco ir\u00e1 reconociendo que son sus propias impresiones y pensamientos, no precisamente halag\u00fce\u00f1os, los que personalizan el paisaje y sus habitantes. Aquello que empez\u00f3 siendo una experiencia de hiperpercepci\u00f3n, que aspiraba sobre todo a la exactitud y al matiz, se convierte en un arriesgado ejercicio de hiperconciencia, que oscilar\u00e1 entre la lucidez y el delirio.<br \/>\nMet\u00e1fora de otros viajes y cifra del tiempo vivido, Mis dos mundos despliega desde el Sur una incisiva mirada sobre las condiciones del presente y del pasado cercano: el efecto desintegrador de la mundializaci\u00f3n y su apuesta por los paisajes cl\u00f3nicos, los extrarradios sin amparo y los habitantes indeterminados, el peaje de vac\u00edo que conllevan ciertas migraciones, la convivencia urbana con las ambiguas formas de lo natural\u2026<br \/>\nEn voz baja y de modo aproximativo, Sergio Chejfec va dibujando un cierto estado del alma (entre la decepci\u00f3n y el miedo, la confusi\u00f3n y la incertidumbre) en el que no resulta extra\u00f1o reconocerse.<br \/>\n\u201cLa obra de Chejfec, extra\u00f1a, solitaria, insistente, espera lectores dispuestos a prestar atenci\u00f3n a una forma que comunica ficciones m\u00ednimas.\u201d (Beatriz Sarlo. Escritos sobre literatura argentina).<\/p>\n","protected":false},"featured_media":4967,"comment_status":"closed","ping_status":"closed","template":"","meta":[],"class_list":{"0":"post-3375","1":"product","2":"type-product","3":"status-publish","4":"has-post-thumbnail","6":"product_cat-narrativa","7":"post","9":"first","10":"instock","11":"taxable","12":"shipping-taxable","13":"purchasable","14":"product-type-simple"},"_links":{"self":[{"href":"https:\/\/cienfuegos.fr\/index.php\/wp-json\/wp\/v2\/product\/3375","targetHints":{"allow":["GET"]}}],"collection":[{"href":"https:\/\/cienfuegos.fr\/index.php\/wp-json\/wp\/v2\/product"}],"about":[{"href":"https:\/\/cienfuegos.fr\/index.php\/wp-json\/wp\/v2\/types\/product"}],"replies":[{"embeddable":true,"href":"https:\/\/cienfuegos.fr\/index.php\/wp-json\/wp\/v2\/comments?post=3375"}],"wp:featuredmedia":[{"embeddable":true,"href":"https:\/\/cienfuegos.fr\/index.php\/wp-json\/wp\/v2\/media\/4967"}],"wp:attachment":[{"href":"https:\/\/cienfuegos.fr\/index.php\/wp-json\/wp\/v2\/media?parent=3375"}],"curies":[{"name":"wp","href":"https:\/\/api.w.org\/{rel}","templated":true}]}}