{"id":3374,"date":"2020-07-13T17:12:27","date_gmt":"2020-07-13T15:12:27","guid":{"rendered":"https:\/\/cienfuegos.fr\/?post_type=product&#038;p=3374"},"modified":"2022-04-28T15:53:34","modified_gmt":"2022-04-28T13:53:34","slug":"alianzas-duraderas","status":"publish","type":"product","link":"https:\/\/cienfuegos.fr\/index.php\/product\/alianzas-duraderas\/","title":{"rendered":"Alianzas duraderas"},"content":{"rendered":"","protected":false},"excerpt":{"rendered":"<p>Autor: Cerrada, Cristina<br \/>\nEditorial: Lengua de Trapo<br \/>\nA\u00f1o de publicaci\u00f3n:<br \/>\nN\u00famero de p\u00e1ginas:<br \/>\nI.S.B.N:<\/p>\n<p>Bernab\u00e9 Leblanc se enfrenta con humor e iron\u00eda al desastre en el que se ha convertido su existencia. Expulsado de su puesto como investigador de antropolog\u00eda en la universidad, solo encuentra como alternativa un trabajo de supervisor de papeleras y se ve obligado a mudarse, con su mujer, sus cuatro hijas, su nieta y un extra\u00f1o yerno a la casa de su promiscuo suegro. La duda aparecer\u00e1 cuando una antigua amante de la universidad le ofrezca un nuevo trabajo de investigador para estudiar a los etoro, una tribu de homosexuales de Nueva Guinea.<\/p>\n","protected":false},"featured_media":4966,"comment_status":"closed","ping_status":"closed","template":"","meta":[],"class_list":{"0":"post-3374","1":"product","2":"type-product","3":"status-publish","4":"has-post-thumbnail","6":"product_cat-narrativa","7":"post","9":"first","10":"onbackorder","11":"taxable","12":"shipping-taxable","13":"purchasable","14":"product-type-simple"},"_links":{"self":[{"href":"https:\/\/cienfuegos.fr\/index.php\/wp-json\/wp\/v2\/product\/3374","targetHints":{"allow":["GET"]}}],"collection":[{"href":"https:\/\/cienfuegos.fr\/index.php\/wp-json\/wp\/v2\/product"}],"about":[{"href":"https:\/\/cienfuegos.fr\/index.php\/wp-json\/wp\/v2\/types\/product"}],"replies":[{"embeddable":true,"href":"https:\/\/cienfuegos.fr\/index.php\/wp-json\/wp\/v2\/comments?post=3374"}],"wp:featuredmedia":[{"embeddable":true,"href":"https:\/\/cienfuegos.fr\/index.php\/wp-json\/wp\/v2\/media\/4966"}],"wp:attachment":[{"href":"https:\/\/cienfuegos.fr\/index.php\/wp-json\/wp\/v2\/media?parent=3374"}],"curies":[{"name":"wp","href":"https:\/\/api.w.org\/{rel}","templated":true}]}}