{"id":3371,"date":"2020-07-13T17:12:23","date_gmt":"2020-07-13T15:12:23","guid":{"rendered":"https:\/\/cienfuegos.fr\/?post_type=product&#038;p=3371"},"modified":"2020-12-21T13:17:22","modified_gmt":"2020-12-21T12:17:22","slug":"hilo-de-cometa","status":"publish","type":"product","link":"https:\/\/cienfuegos.fr\/index.php\/product\/hilo-de-cometa\/","title":{"rendered":"Hilo de cometa"},"content":{"rendered":"","protected":false},"excerpt":{"rendered":"<p>Autor: Centeno, Ismael<br \/>\nEditorial: Perif\u00e9rica<br \/>\nA\u00f1o de publicaci\u00f3n:<br \/>\nN\u00famero de p\u00e1ginas:<br \/>\nI.S.B.N:<\/p>\n<p>Hilo de cometa narra los \u00abritos de paso\u00bb de un adolescente venezolano que vive a\u00fan de sus mitos (la pel\u00edcula Rebelde sin causa, el sexo inici\u00e1tico, las primeras borracheras, las motos, el mar en verano.) con el contrapunto terrible de la tortura<\/p>\n","protected":false},"featured_media":4963,"comment_status":"closed","ping_status":"closed","template":"","meta":[],"class_list":{"0":"post-3371","1":"product","2":"type-product","3":"status-publish","4":"has-post-thumbnail","6":"product_cat-narrativa","7":"post","9":"first","10":"onbackorder","11":"taxable","12":"shipping-taxable","13":"purchasable","14":"product-type-simple"},"_links":{"self":[{"href":"https:\/\/cienfuegos.fr\/index.php\/wp-json\/wp\/v2\/product\/3371","targetHints":{"allow":["GET"]}}],"collection":[{"href":"https:\/\/cienfuegos.fr\/index.php\/wp-json\/wp\/v2\/product"}],"about":[{"href":"https:\/\/cienfuegos.fr\/index.php\/wp-json\/wp\/v2\/types\/product"}],"replies":[{"embeddable":true,"href":"https:\/\/cienfuegos.fr\/index.php\/wp-json\/wp\/v2\/comments?post=3371"}],"wp:featuredmedia":[{"embeddable":true,"href":"https:\/\/cienfuegos.fr\/index.php\/wp-json\/wp\/v2\/media\/4963"}],"wp:attachment":[{"href":"https:\/\/cienfuegos.fr\/index.php\/wp-json\/wp\/v2\/media?parent=3371"}],"curies":[{"name":"wp","href":"https:\/\/api.w.org\/{rel}","templated":true}]}}