{"id":3319,"date":"2020-07-13T17:11:05","date_gmt":"2020-07-13T15:11:05","guid":{"rendered":"https:\/\/cienfuegos.fr\/?post_type=product&#038;p=3319"},"modified":"2020-09-08T09:53:59","modified_gmt":"2020-09-08T07:53:59","slug":"territorios","status":"publish","type":"product","link":"https:\/\/cienfuegos.fr\/index.php\/product\/territorios\/","title":{"rendered":"Territorios"},"content":{"rendered":"","protected":false},"excerpt":{"rendered":"<p>Autor: Cort\u00e1zar, Julio<br \/>\nEditorial: Siglo XXI<br \/>\nA\u00f1o de publicaci\u00f3n:<br \/>\nN\u00famero de p\u00e1ginas:<br \/>\nI.S.B.N:<\/p>\n<p>\u00bfQu\u00e9 dulce culpa la de habernos dado tanta felicidad en estos tiempos yermos, en este horror cotidiano de abrir el peri\u00f3dico y encontrarlo salpicado de sangre y de verg\u00fcenza, qu\u00e9 interregnos de alegr\u00eda en este siniestro horizonte de m\u00e1quinas de muerte\u00bf. Con estas palabras se refiere Cort\u00e1zar a textos cuyo objeto es el de una cr\u00edtica de artes pl\u00e1sticas, esbozada como el homenaje a quienes le han obligado a aceptar la libertad como \u00fanico territorio habitable.<\/p>\n","protected":false},"featured_media":5576,"comment_status":"closed","ping_status":"closed","template":"","meta":[],"class_list":{"0":"post-3319","1":"product","2":"type-product","3":"status-publish","4":"has-post-thumbnail","6":"product_cat-narrativa","7":"post","9":"first","10":"instock","11":"taxable","12":"shipping-taxable","13":"purchasable","14":"product-type-simple"},"_links":{"self":[{"href":"https:\/\/cienfuegos.fr\/index.php\/wp-json\/wp\/v2\/product\/3319","targetHints":{"allow":["GET"]}}],"collection":[{"href":"https:\/\/cienfuegos.fr\/index.php\/wp-json\/wp\/v2\/product"}],"about":[{"href":"https:\/\/cienfuegos.fr\/index.php\/wp-json\/wp\/v2\/types\/product"}],"replies":[{"embeddable":true,"href":"https:\/\/cienfuegos.fr\/index.php\/wp-json\/wp\/v2\/comments?post=3319"}],"wp:featuredmedia":[{"embeddable":true,"href":"https:\/\/cienfuegos.fr\/index.php\/wp-json\/wp\/v2\/media\/5576"}],"wp:attachment":[{"href":"https:\/\/cienfuegos.fr\/index.php\/wp-json\/wp\/v2\/media?parent=3319"}],"curies":[{"name":"wp","href":"https:\/\/api.w.org\/{rel}","templated":true}]}}