{"id":3308,"date":"2020-07-13T17:10:48","date_gmt":"2020-07-13T15:10:48","guid":{"rendered":"https:\/\/cienfuegos.fr\/?post_type=product&#038;p=3308"},"modified":"2020-09-05T23:16:40","modified_gmt":"2020-09-05T21:16:40","slug":"palinuro-de-mexico","status":"publish","type":"product","link":"https:\/\/cienfuegos.fr\/index.php\/product\/palinuro-de-mexico\/","title":{"rendered":"Palinuro de M\u00e9xico"},"content":{"rendered":"","protected":false},"excerpt":{"rendered":"<p>Autor: Del Paso, Fernando<br \/>\nEditorial: Diana<br \/>\nA\u00f1o de publicaci\u00f3n:<br \/>\nN\u00famero de p\u00e1ginas:<br \/>\nI.S.B.N:<\/p>\n<p>Palinuro, eterno estudiante de medicina, procede de una familia exc\u00e9ntrica entre cuyos extra\u00f1os miembros se encuentran el t\u00edo Esteban, que huy\u00f3 de Hungr\u00eda durante la Gran Guerra y atraves\u00f3 el mundo hasta llegar a M\u00e9xico; el abuelo Francisco, que fue mas\u00f3n y antiguo compa\u00f1ero de Pancho Villa; el t\u00edo Austin, un ex marine brit\u00e1nico. Y Estefan\u00eda, prima hermana de Palinuro a la que \u00e9ste ama desde ni\u00f1o con una pasi\u00f3n desbordante y devoradora, y con la que durante a\u00f1os satisfar\u00e1 sus deseos incestuosos y sus fantas\u00edas m\u00e1s extravagantes en una habitaci\u00f3n en la plaza de Santo Domingo de M\u00e9xico D. F. Celebraci\u00f3n del cuerpo, del amor, de la alegr\u00eda, pero sobre todo, de la vida, en Palinuro de M\u00e9xico se conjugan el lirismo rom\u00e1ntico, la erudici\u00f3n y un erotismo desenfrenado. Con un estilo virtuoso lleno de juegos de palabras vertiginosos y experimentos verbales, el gran autor mexicano Fernando del Paso nos ofrece el placer de una lectura para degustar, que se desea paladear poco a poco para poder sentir todos los sabores y texturas que componen esta obra l\u00fadica, grotesca, cr\u00edtica y fant\u00e1stica.<\/p>\n","protected":false},"featured_media":0,"comment_status":"closed","ping_status":"closed","template":"","meta":[],"class_list":{"0":"post-3308","1":"product","2":"type-product","3":"status-publish","5":"product_cat-narrativa","6":"post","8":"first","9":"instock","10":"taxable","11":"shipping-taxable","12":"product-type-simple"},"_links":{"self":[{"href":"https:\/\/cienfuegos.fr\/index.php\/wp-json\/wp\/v2\/product\/3308","targetHints":{"allow":["GET"]}}],"collection":[{"href":"https:\/\/cienfuegos.fr\/index.php\/wp-json\/wp\/v2\/product"}],"about":[{"href":"https:\/\/cienfuegos.fr\/index.php\/wp-json\/wp\/v2\/types\/product"}],"replies":[{"embeddable":true,"href":"https:\/\/cienfuegos.fr\/index.php\/wp-json\/wp\/v2\/comments?post=3308"}],"wp:attachment":[{"href":"https:\/\/cienfuegos.fr\/index.php\/wp-json\/wp\/v2\/media?parent=3308"}],"curies":[{"name":"wp","href":"https:\/\/api.w.org\/{rel}","templated":true}]}}