{"id":3298,"date":"2020-07-13T17:10:34","date_gmt":"2020-07-13T15:10:34","guid":{"rendered":"https:\/\/cienfuegos.fr\/?post_type=product&#038;p=3298"},"modified":"2020-09-07T23:55:14","modified_gmt":"2020-09-07T21:55:14","slug":"siete-de-oro","status":"publish","type":"product","link":"https:\/\/cienfuegos.fr\/index.php\/product\/siete-de-oro\/","title":{"rendered":"Siete de oro"},"content":{"rendered":"","protected":false},"excerpt":{"rendered":"<p>Autor: Dal Masetto, Antonio<br \/>\nEditorial:<br \/>\nA\u00f1o de publicaci\u00f3n: Planeta<br \/>\nN\u00famero de p\u00e1ginas:<br \/>\nI.S.B.N:<\/p>\n<p>Buen estado. Siete de oro, novela de fines de los sesenta, presenta ya las caracter\u00edsticas de Antonio Dal Masetto en toda su profundidad y amplitud: el relato duro, ce\u00f1ido, la precisi\u00f3n de las descripciones, el gran sentido del montaje general y la sucesi\u00f3n de escenas. Texto parad\u00f3jico y obsesivo, Siete de oro explora con intensidad los escenarios rumbosos del realismo, las se\u00f1as de identidad generacional impuestas por una manera de ser joven que dura hasta nuestros d\u00edas. Y los ilumina con una luz golosa que revela la importancia de los detalles para la resoluci\u00f3n final. Siete de oro, novela de fines de los sesenta, presenta ya las caracter\u00edsticas de Antonio Dal Masetto en toda su profundidad y amplitud: el relato duro, ce\u00f1ido, la precisi\u00f3n de las descripciones, el gran sentido del montaje general y la sucesi\u00f3n de escenas. Texto parad\u00f3jico y obsesivo, Siete de oro explora con intensidad los escenarios rumbosos del realismo, las se\u00f1as de identidad generacional impuestas por una manera de ser joven que dura hasta nuestros d\u00edas. Y los ilumina con una luz golosa que revela la importancia de los detalles para la resoluci\u00f3n final.<\/p>\n","protected":false},"featured_media":5561,"comment_status":"closed","ping_status":"closed","template":"","meta":[],"class_list":{"0":"post-3298","1":"product","2":"type-product","3":"status-publish","4":"has-post-thumbnail","6":"product_cat-narrativa","7":"post","9":"first","10":"instock","11":"taxable","12":"shipping-taxable","13":"purchasable","14":"product-type-simple"},"_links":{"self":[{"href":"https:\/\/cienfuegos.fr\/index.php\/wp-json\/wp\/v2\/product\/3298","targetHints":{"allow":["GET"]}}],"collection":[{"href":"https:\/\/cienfuegos.fr\/index.php\/wp-json\/wp\/v2\/product"}],"about":[{"href":"https:\/\/cienfuegos.fr\/index.php\/wp-json\/wp\/v2\/types\/product"}],"replies":[{"embeddable":true,"href":"https:\/\/cienfuegos.fr\/index.php\/wp-json\/wp\/v2\/comments?post=3298"}],"wp:featuredmedia":[{"embeddable":true,"href":"https:\/\/cienfuegos.fr\/index.php\/wp-json\/wp\/v2\/media\/5561"}],"wp:attachment":[{"href":"https:\/\/cienfuegos.fr\/index.php\/wp-json\/wp\/v2\/media?parent=3298"}],"curies":[{"name":"wp","href":"https:\/\/api.w.org\/{rel}","templated":true}]}}