{"id":3277,"date":"2020-07-13T17:10:02","date_gmt":"2020-07-13T15:10:02","guid":{"rendered":"https:\/\/cienfuegos.fr\/?post_type=product&#038;p=3277"},"modified":"2020-08-31T23:52:42","modified_gmt":"2020-08-31T21:52:42","slug":"el-amante","status":"publish","type":"product","link":"https:\/\/cienfuegos.fr\/index.php\/product\/el-amante\/","title":{"rendered":"El amante"},"content":{"rendered":"","protected":false},"excerpt":{"rendered":"<p>Autor: Duras, Marguerite n Editorial:Tusquets n A\u00f1o de publicaci\u00f3n: n N\u00famero de p\u00e1ginas: n I.S.B.N: nn<\/p>\n","protected":false},"featured_media":5302,"comment_status":"closed","ping_status":"closed","template":"","meta":[],"class_list":{"0":"post-3277","1":"product","2":"type-product","3":"status-publish","4":"has-post-thumbnail","6":"product_cat-narrativa","7":"post","9":"first","10":"instock","11":"taxable","12":"shipping-taxable","13":"purchasable","14":"product-type-simple"},"_links":{"self":[{"href":"https:\/\/cienfuegos.fr\/index.php\/wp-json\/wp\/v2\/product\/3277","targetHints":{"allow":["GET"]}}],"collection":[{"href":"https:\/\/cienfuegos.fr\/index.php\/wp-json\/wp\/v2\/product"}],"about":[{"href":"https:\/\/cienfuegos.fr\/index.php\/wp-json\/wp\/v2\/types\/product"}],"replies":[{"embeddable":true,"href":"https:\/\/cienfuegos.fr\/index.php\/wp-json\/wp\/v2\/comments?post=3277"}],"wp:featuredmedia":[{"embeddable":true,"href":"https:\/\/cienfuegos.fr\/index.php\/wp-json\/wp\/v2\/media\/5302"}],"wp:attachment":[{"href":"https:\/\/cienfuegos.fr\/index.php\/wp-json\/wp\/v2\/media?parent=3277"}],"curies":[{"name":"wp","href":"https:\/\/api.w.org\/{rel}","templated":true}]}}