{"id":3271,"date":"2020-07-13T17:09:53","date_gmt":"2020-07-13T15:09:53","guid":{"rendered":"https:\/\/cienfuegos.fr\/?post_type=product&#038;p=3271"},"modified":"2020-09-01T00:03:31","modified_gmt":"2020-08-31T22:03:31","slug":"el-anticuario","status":"publish","type":"product","link":"https:\/\/cienfuegos.fr\/index.php\/product\/el-anticuario\/","title":{"rendered":"El anticuario"},"content":{"rendered":"","protected":false},"excerpt":{"rendered":"<p>Autor: Faver\u00f3n Patriau, Gustavo<br \/>\nEditorial: Candaya<br \/>\nA\u00f1o de publicaci\u00f3n:<br \/>\nN\u00famero de p\u00e1ginas:<br \/>\nI.S.B.N:<\/p>\n<p>\u00abPese a llevar a\u00f1os encerrado en una cl\u00ednica psiqui\u00e1trica, Daniel, acusado tiempo atr\u00e1s de un crimen terrible, es ahora sospechoso de otro, y necesita la ayuda de un amigo, experto en patolog\u00edas del lenguaje, para demostrar su inocencia. En su superficie, El anticuario es un misterio g\u00f3tico y una novela de enigma \u00bb deliciosamente macabra\u00bb (The New York Times). M\u00e1s adentro, es una profunda interrogaci\u00f3n sobre la locura y el poder de la palabra. Una historia de homicidios seriales, mensajes cifrados y coleccionistas de antig\u00fcedades, en la que se reflexiona sobre los l\u00edmites entre lo p\u00fablico y lo privado en un pa\u00eds de postguerra.\u00bb<\/p>\n","protected":false},"featured_media":5306,"comment_status":"closed","ping_status":"closed","template":"","meta":[],"class_list":{"0":"post-3271","1":"product","2":"type-product","3":"status-publish","4":"has-post-thumbnail","6":"product_cat-narrativa","7":"post","9":"first","10":"instock","11":"taxable","12":"shipping-taxable","13":"purchasable","14":"product-type-simple"},"_links":{"self":[{"href":"https:\/\/cienfuegos.fr\/index.php\/wp-json\/wp\/v2\/product\/3271","targetHints":{"allow":["GET"]}}],"collection":[{"href":"https:\/\/cienfuegos.fr\/index.php\/wp-json\/wp\/v2\/product"}],"about":[{"href":"https:\/\/cienfuegos.fr\/index.php\/wp-json\/wp\/v2\/types\/product"}],"replies":[{"embeddable":true,"href":"https:\/\/cienfuegos.fr\/index.php\/wp-json\/wp\/v2\/comments?post=3271"}],"wp:featuredmedia":[{"embeddable":true,"href":"https:\/\/cienfuegos.fr\/index.php\/wp-json\/wp\/v2\/media\/5306"}],"wp:attachment":[{"href":"https:\/\/cienfuegos.fr\/index.php\/wp-json\/wp\/v2\/media?parent=3271"}],"curies":[{"name":"wp","href":"https:\/\/api.w.org\/{rel}","templated":true}]}}