{"id":3254,"date":"2020-07-13T17:09:28","date_gmt":"2020-07-13T15:09:28","guid":{"rendered":"https:\/\/cienfuegos.fr\/?post_type=product&#038;p=3254"},"modified":"2020-08-21T17:47:27","modified_gmt":"2020-08-21T15:47:27","slug":"esperanto","status":"publish","type":"product","link":"https:\/\/cienfuegos.fr\/index.php\/product\/esperanto\/","title":{"rendered":"Esperanto"},"content":{"rendered":"","protected":false},"excerpt":{"rendered":"<p>Autor: Fres\u00e1n, Rodrigo<br \/>\nEditorial: Tusquets<br \/>\nA\u00f1o de publicaci\u00f3n:<br \/>\nN\u00famero de p\u00e1ginas: 269<br \/>\nI.S.B.N:<\/p>\n<p>El protagonista de este libro es un m\u00fasico de treinta y cinco a\u00f1os, atormentado por el estigma de su apellido (Esperanto); lo acompa\u00f1an, entre otros personajes, una top-model con d lirios m\u00edsticos, un guerrilero lis\u00e9rgico, un psiconalista.La obra es una exploraci\u00f3n de los vicios y las gracias de un pa\u00eds que se sacude desde las depresivas sombras del Proceso hasta la histeria encandilante de una supuesta Argentina Primer Mundo. Fres\u00e1n es periodista y ha publicado los libros de cuentos \u00abHistoria argentina\u00bb y \u00abVidas de santos\u00bb y uno demiscel\u00e1nea: \u00abTrabajos manuales\u00bb.<\/p>\n","protected":false},"featured_media":0,"comment_status":"closed","ping_status":"closed","template":"","meta":[],"class_list":{"0":"post-3254","1":"product","2":"type-product","3":"status-publish","5":"product_cat-narrativa","6":"post","8":"first","9":"instock","10":"taxable","11":"shipping-taxable","12":"purchasable","13":"product-type-simple"},"_links":{"self":[{"href":"https:\/\/cienfuegos.fr\/index.php\/wp-json\/wp\/v2\/product\/3254","targetHints":{"allow":["GET"]}}],"collection":[{"href":"https:\/\/cienfuegos.fr\/index.php\/wp-json\/wp\/v2\/product"}],"about":[{"href":"https:\/\/cienfuegos.fr\/index.php\/wp-json\/wp\/v2\/types\/product"}],"replies":[{"embeddable":true,"href":"https:\/\/cienfuegos.fr\/index.php\/wp-json\/wp\/v2\/comments?post=3254"}],"wp:attachment":[{"href":"https:\/\/cienfuegos.fr\/index.php\/wp-json\/wp\/v2\/media?parent=3254"}],"curies":[{"name":"wp","href":"https:\/\/api.w.org\/{rel}","templated":true}]}}