{"id":3248,"date":"2020-07-13T17:09:20","date_gmt":"2020-07-13T15:09:20","guid":{"rendered":"https:\/\/cienfuegos.fr\/?post_type=product&#038;p=3248"},"modified":"2020-09-01T22:32:50","modified_gmt":"2020-09-01T20:32:50","slug":"un-guion-para-artkino","status":"publish","type":"product","link":"https:\/\/cienfuegos.fr\/index.php\/product\/un-guion-para-artkino\/","title":{"rendered":"Un gui\u00f3n para Artkino"},"content":{"rendered":"","protected":false},"excerpt":{"rendered":"<p>Autor: Fogwill<br \/>\nEditorial: Mansalva<br \/>\nA\u00f1o de publicaci\u00f3n:<br \/>\nN\u00famero de p\u00e1ginas: 96<br \/>\nI.S.B.N:<\/p>\n<p>Un gui\u00f3n para Artkino, es una parodia de ciencia ficci\u00f3n pol\u00edtica, un 1984 c\u00f3mico que transcurre a mediados de los noventa, cuando a un escritor argentino lo contratan para escribir un gui\u00f3n para Artkino Pictures, la mayor empresa cinematogr\u00e1fica del mundo. Es que el mundo se ha convertido en un para\u00edso bolchevique. La URSS est\u00e1 en v\u00edas de triunfar en la Guerra Fr\u00eda y, en particular, la Argentina est\u00e1 bajo su \u00f3rbita y adopta su burocracia y sus costumbres. Los escritores son parte del aparato oficial y el narrador de esta novela es uno de sus mascarones, el aburguesado secretario de la Asociaci\u00f3n de Escritores que anima una pesadilla en la que el PC ha tomado el poder en alianza con las Fuerzas Armadas. Novela pol\u00edtica y par\u00f3dica con una gran epifan\u00eda final.<\/p>\n","protected":false},"featured_media":0,"comment_status":"closed","ping_status":"closed","template":"","meta":[],"class_list":{"0":"post-3248","1":"product","2":"type-product","3":"status-publish","5":"product_cat-narrativa","6":"post","8":"first","9":"instock","10":"taxable","11":"shipping-taxable","12":"purchasable","13":"product-type-simple"},"_links":{"self":[{"href":"https:\/\/cienfuegos.fr\/index.php\/wp-json\/wp\/v2\/product\/3248","targetHints":{"allow":["GET"]}}],"collection":[{"href":"https:\/\/cienfuegos.fr\/index.php\/wp-json\/wp\/v2\/product"}],"about":[{"href":"https:\/\/cienfuegos.fr\/index.php\/wp-json\/wp\/v2\/types\/product"}],"replies":[{"embeddable":true,"href":"https:\/\/cienfuegos.fr\/index.php\/wp-json\/wp\/v2\/comments?post=3248"}],"wp:attachment":[{"href":"https:\/\/cienfuegos.fr\/index.php\/wp-json\/wp\/v2\/media?parent=3248"}],"curies":[{"name":"wp","href":"https:\/\/api.w.org\/{rel}","templated":true}]}}