{"id":3244,"date":"2020-07-13T17:09:13","date_gmt":"2020-07-13T15:09:13","guid":{"rendered":"https:\/\/cienfuegos.fr\/?post_type=product&#038;p=3244"},"modified":"2020-09-02T06:13:24","modified_gmt":"2020-09-02T04:13:24","slug":"la-flor-azul","status":"publish","type":"product","link":"https:\/\/cienfuegos.fr\/index.php\/product\/la-flor-azul\/","title":{"rendered":"La flor azul"},"content":{"rendered":"","protected":false},"excerpt":{"rendered":"<p>Autor: Fitzgerald, Penelope<br \/>\nEditorial: Impedimenta<br \/>\nA\u00f1o de publicaci\u00f3n: 2014<br \/>\nN\u00famero de p\u00e1ginas:<br \/>\nI.S.B.N:<\/p>\n<p>Cuando Friedrich von Hardenberg, quien m\u00e1s tarde tomar\u00eda el nombre de Novalis, le habla de la flor azul a su querida Sophie, una ni\u00f1a de doce a\u00f1os de la que se enamora en un primer encuentro, lo hace en el tono misterioso, secreto, de quien no ha descifrado todav\u00eda el significado del que ser\u00e1 el s\u00edmbolo del romanticismo alem\u00e1n. Fritz es un joven brillante, un genio. Ha estudiado dial\u00e9ctica y matem\u00e1ticas, es amigo del cr\u00edtico Schlegel, del fil\u00f3sofo Fichte y del gran Goethe, y ahora ha de aceptar un trabajo que no desea como inspector de minas de sal. Escribe poes\u00eda, ha empezado una novela y, sobre todo, desea ser feliz junto a su \u00absabidur\u00eda\u00bb, la joven Sophie, que ha nacido para estar alegre y re\u00edr sin cesar. Ninguno de los dos sabe a\u00fan que su b\u00fasqueda de la belleza y del infinito tendr\u00e1 que enfrentarse a duras pruebas. \u00abLa flor azul\u00bb es la \u00faltima novela de Penelope Fitzgerald. Una obra exquisita, ganadora del National Book Critics Circle Award, en la que la pasi\u00f3n del romanticismo se fusiona con la templanza de una escritura magistral.<\/p>\n","protected":false},"featured_media":0,"comment_status":"closed","ping_status":"closed","template":"","meta":[],"class_list":{"0":"post-3244","1":"product","2":"type-product","3":"status-publish","5":"product_cat-narrativa","6":"post","8":"first","9":"instock","10":"taxable","11":"shipping-taxable","12":"purchasable","13":"product-type-simple"},"_links":{"self":[{"href":"https:\/\/cienfuegos.fr\/index.php\/wp-json\/wp\/v2\/product\/3244","targetHints":{"allow":["GET"]}}],"collection":[{"href":"https:\/\/cienfuegos.fr\/index.php\/wp-json\/wp\/v2\/product"}],"about":[{"href":"https:\/\/cienfuegos.fr\/index.php\/wp-json\/wp\/v2\/types\/product"}],"replies":[{"embeddable":true,"href":"https:\/\/cienfuegos.fr\/index.php\/wp-json\/wp\/v2\/comments?post=3244"}],"wp:attachment":[{"href":"https:\/\/cienfuegos.fr\/index.php\/wp-json\/wp\/v2\/media?parent=3244"}],"curies":[{"name":"wp","href":"https:\/\/api.w.org\/{rel}","templated":true}]}}