{"id":3236,"date":"2020-07-13T17:09:02","date_gmt":"2020-07-13T15:09:02","guid":{"rendered":"https:\/\/cienfuegos.fr\/?post_type=product&#038;p=3236"},"modified":"2020-09-02T06:27:56","modified_gmt":"2020-09-02T04:27:56","slug":"el-espejo-siames","status":"publish","type":"product","link":"https:\/\/cienfuegos.fr\/index.php\/product\/el-espejo-siames\/","title":{"rendered":"El espejo siam\u00e9s"},"content":{"rendered":"","protected":false},"excerpt":{"rendered":"<p>Autor: Fihman, Ben Am\u00ed<br \/>\nEditorial: O.T.<br \/>\nA\u00f1o de publicaci\u00f3n: 2017<br \/>\nN\u00famero de p\u00e1ginas:<br \/>\nI.S.B.N:<\/p>\n<p>En esta novela de narradores que se multiplican, se encuentran, se separan y se funden, Ben Am\u00ed Fihman logra armonizar varias de las muchas man\u00edas que lo persiguen: Caracas, los laberintos, la fascinaci\u00f3n por la literatura rusa y por las discusiones de los intelectuales franceses de la postguerra, la pasi\u00f3n por algunas obras de arte y la desilusionada aceptaci\u00f3n de diversos hechos de la historia del siglo XX, por s\u00f3lo mencionar las evidentes. Esas narraciones paralelas trazan una cr\u00f3nica sentimental de Venezuela, en la que, a pesar de las grandes esperanzas y recursos que nos signan, Do\u00f1a B\u00e1rbara arrebata para s\u00ed la belleza de Marisela, destruye las magnificencias de Lorenzo y se impone sobre las claridades de Santos Luzardo. Entre desdoblamientos y reverberaciones de personajes so\u00f1ados que se llaman como gente real y que jam\u00e1s dejan de hablar en caraque\u00f1o, se urde la explicaci\u00f3n de una, dos, tres vidas segadas por propia voluntad, cada una asediada por la p\u00e9rdida: la del amor en un caso, la de la cordura en el otro, y la de la raz\u00f3n de ser del tercero&#8230; p\u00e9rdidas que, en el fondo, son todas la misma: la del luminoso reino de las ilusiones de la juventud. Andr\u00e9s Cardinale<\/p>\n","protected":false},"featured_media":5316,"comment_status":"closed","ping_status":"closed","template":"","meta":[],"class_list":{"0":"post-3236","1":"product","2":"type-product","3":"status-publish","4":"has-post-thumbnail","6":"product_cat-narrativa","7":"post","9":"first","10":"instock","11":"taxable","12":"shipping-taxable","13":"purchasable","14":"product-type-simple"},"_links":{"self":[{"href":"https:\/\/cienfuegos.fr\/index.php\/wp-json\/wp\/v2\/product\/3236","targetHints":{"allow":["GET"]}}],"collection":[{"href":"https:\/\/cienfuegos.fr\/index.php\/wp-json\/wp\/v2\/product"}],"about":[{"href":"https:\/\/cienfuegos.fr\/index.php\/wp-json\/wp\/v2\/types\/product"}],"replies":[{"embeddable":true,"href":"https:\/\/cienfuegos.fr\/index.php\/wp-json\/wp\/v2\/comments?post=3236"}],"wp:featuredmedia":[{"embeddable":true,"href":"https:\/\/cienfuegos.fr\/index.php\/wp-json\/wp\/v2\/media\/5316"}],"wp:attachment":[{"href":"https:\/\/cienfuegos.fr\/index.php\/wp-json\/wp\/v2\/media?parent=3236"}],"curies":[{"name":"wp","href":"https:\/\/api.w.org\/{rel}","templated":true}]}}