{"id":3232,"date":"2020-07-13T17:08:55","date_gmt":"2020-07-13T15:08:55","guid":{"rendered":"https:\/\/cienfuegos.fr\/?post_type=product&#038;p=3232"},"modified":"2020-11-02T14:28:03","modified_gmt":"2020-11-02T13:28:03","slug":"el-amparo","status":"publish","type":"product","link":"https:\/\/cienfuegos.fr\/index.php\/product\/el-amparo\/","title":{"rendered":"El amparo"},"content":{"rendered":"","protected":false},"excerpt":{"rendered":"<p>Autor: Ferreyra, Gustavo<br \/>\nEditorial: Club cinco<br \/>\nA\u00f1o de publicaci\u00f3n:<br \/>\nN\u00famero de p\u00e1ginas:<br \/>\nI.S.B.N:<\/p>\n<p>En una mansi\u00f3n \u00bfdel futuro?, hay un regimiento de siervos para atender a un se\u00f1or poco menos que feudal, pero con todos los rasgos del presente. Vali\u00e9ndose de tan pocos elementos, Gustavo Ferreyra consigue en El amparo un extra\u00f1amiento tal de lo cotidiano \u2013eviscerando su rabia, su brutalidad, su sordera- que el resultado es un trastornado realismo, a la vez fant\u00e1stico y experimental. En este primer libro, Ferreyra invent\u00f3 su lengua, que incluye un verdadero abuso del idioma. Ferreyra sabe que no hay pol\u00edtica fuera de la lengua y dado que su programa est\u00e9tico extrae su materia de lo pol\u00edtico, en El amparo \u2013como en toda su obra- la permanente puesta en abismo del lenguaje es clave. Hegel \u2013y entonces Marx- ya supo descifrar la hechizada dial\u00e9ctica del amo y el esclavo; pero a la literatura le toca lo m\u00e1s dif\u00edcil: representarla, inventar f\u00e1bulas que rompan el espejo. Y as\u00ed como Kafka invent\u00f3 una familiar cucaracha o un incauto procesado, Ferreyra inventa la vida de Adolfo, atribulado sirviente, pero que lleva en su nombre el latido ejemplar del fascismo. \u201cCuando le\u00ed El amparo, de Gustavo Ferreyra, tuve la sensaci\u00f3n de que ah\u00ed hab\u00eda algo distinto: una mirada muy distanciada y al mismo tiempo muy intensa sobre acontecimientos cotidianos, que toman una carga y un sentido amenazador, perturbador.\u201d Ricardo Piglia<\/p>\n","protected":false},"featured_media":5304,"comment_status":"closed","ping_status":"closed","template":"","meta":[],"class_list":{"0":"post-3232","1":"product","2":"type-product","3":"status-publish","4":"has-post-thumbnail","6":"product_cat-narrativa","7":"post","9":"first","10":"instock","11":"taxable","12":"shipping-taxable","13":"purchasable","14":"product-type-simple"},"_links":{"self":[{"href":"https:\/\/cienfuegos.fr\/index.php\/wp-json\/wp\/v2\/product\/3232","targetHints":{"allow":["GET"]}}],"collection":[{"href":"https:\/\/cienfuegos.fr\/index.php\/wp-json\/wp\/v2\/product"}],"about":[{"href":"https:\/\/cienfuegos.fr\/index.php\/wp-json\/wp\/v2\/types\/product"}],"replies":[{"embeddable":true,"href":"https:\/\/cienfuegos.fr\/index.php\/wp-json\/wp\/v2\/comments?post=3232"}],"wp:featuredmedia":[{"embeddable":true,"href":"https:\/\/cienfuegos.fr\/index.php\/wp-json\/wp\/v2\/media\/5304"}],"wp:attachment":[{"href":"https:\/\/cienfuegos.fr\/index.php\/wp-json\/wp\/v2\/media?parent=3232"}],"curies":[{"name":"wp","href":"https:\/\/api.w.org\/{rel}","templated":true}]}}