{"id":3230,"date":"2020-07-13T17:08:52","date_gmt":"2020-07-13T15:08:52","guid":{"rendered":"https:\/\/cienfuegos.fr\/?post_type=product&#038;p=3230"},"modified":"2020-09-02T06:35:44","modified_gmt":"2020-09-02T04:35:44","slug":"el-otono-del-patriarca","status":"publish","type":"product","link":"https:\/\/cienfuegos.fr\/index.php\/product\/el-otono-del-patriarca\/","title":{"rendered":"El oto\u00f1o del patriarca"},"content":{"rendered":"","protected":false},"excerpt":{"rendered":"<p>Autor: Garc\u00eda M\u00e1rquez, Gabriel<br \/>\nEditorial: Sudamericana<br \/>\nA\u00f1o de publicaci\u00f3n:<br \/>\nN\u00famero de p\u00e1ginas:<br \/>\nI.S.B.N:<\/p>\n","protected":false},"featured_media":0,"comment_status":"closed","ping_status":"closed","template":"","meta":[],"class_list":{"0":"post-3230","1":"product","2":"type-product","3":"status-publish","5":"product_cat-narrativa","6":"post","8":"first","9":"instock","10":"taxable","11":"shipping-taxable","12":"purchasable","13":"product-type-simple"},"_links":{"self":[{"href":"https:\/\/cienfuegos.fr\/index.php\/wp-json\/wp\/v2\/product\/3230","targetHints":{"allow":["GET"]}}],"collection":[{"href":"https:\/\/cienfuegos.fr\/index.php\/wp-json\/wp\/v2\/product"}],"about":[{"href":"https:\/\/cienfuegos.fr\/index.php\/wp-json\/wp\/v2\/types\/product"}],"replies":[{"embeddable":true,"href":"https:\/\/cienfuegos.fr\/index.php\/wp-json\/wp\/v2\/comments?post=3230"}],"wp:attachment":[{"href":"https:\/\/cienfuegos.fr\/index.php\/wp-json\/wp\/v2\/media?parent=3230"}],"curies":[{"name":"wp","href":"https:\/\/api.w.org\/{rel}","templated":true}]}}