{"id":3219,"date":"2020-07-13T17:08:36","date_gmt":"2020-07-13T15:08:36","guid":{"rendered":"https:\/\/cienfuegos.fr\/?post_type=product&#038;p=3219"},"modified":"2020-09-02T06:50:55","modified_gmt":"2020-09-02T04:50:55","slug":"la-reina-de-las-nieves","status":"publish","type":"product","link":"https:\/\/cienfuegos.fr\/index.php\/product\/la-reina-de-las-nieves\/","title":{"rendered":"La reina de las nieves"},"content":{"rendered":"","protected":false},"excerpt":{"rendered":"<p>Autor: Gaite, Carmen Mart\u00edn<br \/>\nEditorial: C\u00edrtulo de lectores<br \/>\nA\u00f1o de publicaci\u00f3n: 1995<br \/>\nN\u00famero de p\u00e1ginas: 360<br \/>\nI.S.B.N:<\/p>\n<p>FIRMADO Y DEDICADO. Cuando el joven Leonardo Villalba, reci\u00e9n salido de la c\u00e1rcel, desorientado, perdido, intenta poner orden en su vida presente, se acuerda siempre de un cuento de Andersen: \u00abLa Reina de las Nieves\u00bb. \u00ab. En aquel tiempo hab\u00eda en el mundo un espejo m\u00e1gico, fabricado por ciertos diablos.\u00bb Una noche, el espejo se rompi\u00f3 en pedazos tan peque\u00f1os como part\u00edculas de polvo que volaron por la atm\u00f3sfera y se extendieron por todo el mundo. Y una de aquellas part\u00edculas se le meti\u00f3 en el ojo a Kay, el protagonista del cuento. Tambi\u00e9n a Leonardo se le ha metido un cristalito en el ojo. Porque hay accidentes as\u00ed de confusos, peligrosos quiebros del destino y a Leonardo ha venido a buscarle la Reina de las Nieves y le ha encerrado en un castillo de hielo, condenado a jugar, como Kay, al juego de la Raz\u00f3n Fr\u00eda. En su pesquisa, Leonardo se acerca a la figura del padre muerto, evoca los acertijos de su abuela y, a su paso por un Madrid nocturno y agitado, encuentra sus propios acertijos: \u00bfC\u00f3mo era llorar? \u00bfQui\u00e9n es la misteriosa se\u00f1ora de la Quinta Blanca? \u00bfPor qu\u00e9 sentimos v\u00e9rtigo? La valent\u00eda, el adulterio, la intensidad de las relaciones forjadas sobre la ausencia, la escritura entendida no s\u00f3lo como ejercicio literario, sino como v\u00ednculo de afinidad real entre los seres, jalonan el camino de Leonardo hacia la salida del t\u00fanel. Ninguno de estos temas es accesorio, ninguno de los sucesos aqu\u00ed narrados se desdibuja o se pierde. Combinando todos ellos, guiada por un extraordinario sentido de la estructura narrativa, la autora ha compuesto este impresionante canto a la memoria, al empe\u00f1o y la lucha de la memoria por cumplir su traves\u00eda dejando atr\u00e1s las asechanzas de lo oscuro, la prisi\u00f3n de hielo del olvido. \u00abLa Reina de las Nieves\u00bb es una par\u00e1bola contempor\u00e1nea, muy bella, sobre la potencia del recuerdo. Sus p\u00e1ginas se abren, como las puertas de la Quinta Blanca, para recibir el fragor de los acantilados.<\/p>\n","protected":false},"featured_media":0,"comment_status":"closed","ping_status":"closed","template":"","meta":[],"class_list":{"0":"post-3219","1":"product","2":"type-product","3":"status-publish","5":"product_cat-narrativa","6":"post","8":"first","9":"instock","10":"taxable","11":"shipping-taxable","12":"purchasable","13":"product-type-simple"},"_links":{"self":[{"href":"https:\/\/cienfuegos.fr\/index.php\/wp-json\/wp\/v2\/product\/3219","targetHints":{"allow":["GET"]}}],"collection":[{"href":"https:\/\/cienfuegos.fr\/index.php\/wp-json\/wp\/v2\/product"}],"about":[{"href":"https:\/\/cienfuegos.fr\/index.php\/wp-json\/wp\/v2\/types\/product"}],"replies":[{"embeddable":true,"href":"https:\/\/cienfuegos.fr\/index.php\/wp-json\/wp\/v2\/comments?post=3219"}],"wp:attachment":[{"href":"https:\/\/cienfuegos.fr\/index.php\/wp-json\/wp\/v2\/media?parent=3219"}],"curies":[{"name":"wp","href":"https:\/\/api.w.org\/{rel}","templated":true}]}}