{"id":3203,"date":"2020-07-13T17:08:12","date_gmt":"2020-07-13T15:08:12","guid":{"rendered":"https:\/\/cienfuegos.fr\/?post_type=product&#038;p=3203"},"modified":"2020-11-09T20:45:48","modified_gmt":"2020-11-09T19:45:48","slug":"las-aventuras-de-miguel-littin","status":"publish","type":"product","link":"https:\/\/cienfuegos.fr\/index.php\/product\/las-aventuras-de-miguel-littin\/","title":{"rendered":"Las aventuras de Miguel Litt\u00edn"},"content":{"rendered":"","protected":false},"excerpt":{"rendered":"<p>Autor: Garc\u00eda M\u00e1rquez, Gabriel<br \/>\nEditorial:<br \/>\nA\u00f1o de publicaci\u00f3n:<br \/>\nN\u00famero de p\u00e1ginas:<br \/>\nI.S.B.N:<\/p>\n","protected":false},"featured_media":5480,"comment_status":"closed","ping_status":"closed","template":"","meta":[],"class_list":{"0":"post-3203","1":"product","2":"type-product","3":"status-publish","4":"has-post-thumbnail","6":"product_cat-narrativa","7":"post","9":"first","10":"outofstock","11":"taxable","12":"shipping-taxable","13":"purchasable","14":"product-type-simple"},"_links":{"self":[{"href":"https:\/\/cienfuegos.fr\/index.php\/wp-json\/wp\/v2\/product\/3203","targetHints":{"allow":["GET"]}}],"collection":[{"href":"https:\/\/cienfuegos.fr\/index.php\/wp-json\/wp\/v2\/product"}],"about":[{"href":"https:\/\/cienfuegos.fr\/index.php\/wp-json\/wp\/v2\/types\/product"}],"replies":[{"embeddable":true,"href":"https:\/\/cienfuegos.fr\/index.php\/wp-json\/wp\/v2\/comments?post=3203"}],"wp:featuredmedia":[{"embeddable":true,"href":"https:\/\/cienfuegos.fr\/index.php\/wp-json\/wp\/v2\/media\/5480"}],"wp:attachment":[{"href":"https:\/\/cienfuegos.fr\/index.php\/wp-json\/wp\/v2\/media?parent=3203"}],"curies":[{"name":"wp","href":"https:\/\/api.w.org\/{rel}","templated":true}]}}