{"id":3194,"date":"2020-07-13T17:07:58","date_gmt":"2020-07-13T15:07:58","guid":{"rendered":"https:\/\/cienfuegos.fr\/?post_type=product&#038;p=3194"},"modified":"2020-09-02T07:30:24","modified_gmt":"2020-09-02T05:30:24","slug":"cien-anos-de-soledad-3","status":"publish","type":"product","link":"https:\/\/cienfuegos.fr\/index.php\/product\/cien-anos-de-soledad-3\/","title":{"rendered":"Cien a\u00f1os de soledad"},"content":{"rendered":"","protected":false},"excerpt":{"rendered":"<p>Autor: Garc\u00eda M\u00e1rquez, Gabriel\/Rivera, Luisa (ilustradora)<br \/>\nEditorial: Random House<br \/>\nA\u00f1o de publicaci\u00f3n: 2017<br \/>\nN\u00famero de p\u00e1ginas:<br \/>\nI.S.B.N:9788439732471<\/p>\n<p>Edici\u00f3n en tapa dura y con ilustraciones de Luisa Rivera<\/p>\n","protected":false},"featured_media":5246,"comment_status":"closed","ping_status":"closed","template":"","meta":[],"class_list":{"0":"post-3194","1":"product","2":"type-product","3":"status-publish","4":"has-post-thumbnail","6":"product_cat-narrativa","7":"post","9":"first","10":"instock","11":"taxable","12":"shipping-taxable","13":"purchasable","14":"product-type-simple"},"_links":{"self":[{"href":"https:\/\/cienfuegos.fr\/index.php\/wp-json\/wp\/v2\/product\/3194","targetHints":{"allow":["GET"]}}],"collection":[{"href":"https:\/\/cienfuegos.fr\/index.php\/wp-json\/wp\/v2\/product"}],"about":[{"href":"https:\/\/cienfuegos.fr\/index.php\/wp-json\/wp\/v2\/types\/product"}],"replies":[{"embeddable":true,"href":"https:\/\/cienfuegos.fr\/index.php\/wp-json\/wp\/v2\/comments?post=3194"}],"wp:featuredmedia":[{"embeddable":true,"href":"https:\/\/cienfuegos.fr\/index.php\/wp-json\/wp\/v2\/media\/5246"}],"wp:attachment":[{"href":"https:\/\/cienfuegos.fr\/index.php\/wp-json\/wp\/v2\/media?parent=3194"}],"curies":[{"name":"wp","href":"https:\/\/api.w.org\/{rel}","templated":true}]}}