{"id":3193,"date":"2020-07-13T17:07:56","date_gmt":"2020-07-13T15:07:56","guid":{"rendered":"https:\/\/cienfuegos.fr\/?post_type=product&#038;p=3193"},"modified":"2020-09-02T07:31:54","modified_gmt":"2020-09-02T05:31:54","slug":"cien-anos-de-soledad-2","status":"publish","type":"product","link":"https:\/\/cienfuegos.fr\/index.php\/product\/cien-anos-de-soledad-2\/","title":{"rendered":"Cien a\u00f1os de soledad"},"content":{"rendered":"","protected":false},"excerpt":{"rendered":"<p>Autor: Garc\u00eda M\u00e1rquez, Gabriel<br \/>\nEditorial: Espasa Calpe<br \/>\nA\u00f1o de publicaci\u00f3n: 1983<br \/>\nN\u00famero de p\u00e1ginas: 448<br \/>\nI.S.B.N:<\/p>\n<p>Estudio introductorio por Joaqu\u00edn Marco.<\/p>\n","protected":false},"featured_media":5247,"comment_status":"closed","ping_status":"closed","template":"","meta":[],"class_list":{"0":"post-3193","1":"product","2":"type-product","3":"status-publish","4":"has-post-thumbnail","6":"product_cat-narrativa","7":"post","9":"first","10":"instock","11":"taxable","12":"shipping-taxable","13":"purchasable","14":"product-type-simple"},"_links":{"self":[{"href":"https:\/\/cienfuegos.fr\/index.php\/wp-json\/wp\/v2\/product\/3193","targetHints":{"allow":["GET"]}}],"collection":[{"href":"https:\/\/cienfuegos.fr\/index.php\/wp-json\/wp\/v2\/product"}],"about":[{"href":"https:\/\/cienfuegos.fr\/index.php\/wp-json\/wp\/v2\/types\/product"}],"replies":[{"embeddable":true,"href":"https:\/\/cienfuegos.fr\/index.php\/wp-json\/wp\/v2\/comments?post=3193"}],"wp:featuredmedia":[{"embeddable":true,"href":"https:\/\/cienfuegos.fr\/index.php\/wp-json\/wp\/v2\/media\/5247"}],"wp:attachment":[{"href":"https:\/\/cienfuegos.fr\/index.php\/wp-json\/wp\/v2\/media?parent=3193"}],"curies":[{"name":"wp","href":"https:\/\/api.w.org\/{rel}","templated":true}]}}