{"id":3192,"date":"2020-07-13T17:07:55","date_gmt":"2020-07-13T15:07:55","guid":{"rendered":"https:\/\/cienfuegos.fr\/?post_type=product&#038;p=3192"},"modified":"2020-09-07T16:49:20","modified_gmt":"2020-09-07T14:49:20","slug":"cien-anos-de-soledad","status":"publish","type":"product","link":"https:\/\/cienfuegos.fr\/index.php\/product\/cien-anos-de-soledad\/","title":{"rendered":"Cien a\u00f1os de soledad"},"content":{"rendered":"","protected":false},"excerpt":{"rendered":"<p>Autor: Garc\u00eda M\u00e1rquez, Gabriel<br \/>\nEditorial: Plaza &amp; Jan\u00e9s<br \/>\nA\u00f1o de publicaci\u00f3n: 1977<br \/>\nN\u00famero de p\u00e1ginas: 383<br \/>\nI.S.B.N:<\/p>\n<p>Cubiertas en tapa dura con sobrecubierta ilustrada, buen estado.<\/p>\n","protected":false},"featured_media":5248,"comment_status":"closed","ping_status":"closed","template":"","meta":[],"class_list":{"0":"post-3192","1":"product","2":"type-product","3":"status-publish","4":"has-post-thumbnail","6":"product_cat-narrativa","7":"post","9":"first","10":"outofstock","11":"taxable","12":"shipping-taxable","13":"purchasable","14":"product-type-simple"},"_links":{"self":[{"href":"https:\/\/cienfuegos.fr\/index.php\/wp-json\/wp\/v2\/product\/3192","targetHints":{"allow":["GET"]}}],"collection":[{"href":"https:\/\/cienfuegos.fr\/index.php\/wp-json\/wp\/v2\/product"}],"about":[{"href":"https:\/\/cienfuegos.fr\/index.php\/wp-json\/wp\/v2\/types\/product"}],"replies":[{"embeddable":true,"href":"https:\/\/cienfuegos.fr\/index.php\/wp-json\/wp\/v2\/comments?post=3192"}],"wp:featuredmedia":[{"embeddable":true,"href":"https:\/\/cienfuegos.fr\/index.php\/wp-json\/wp\/v2\/media\/5248"}],"wp:attachment":[{"href":"https:\/\/cienfuegos.fr\/index.php\/wp-json\/wp\/v2\/media?parent=3192"}],"curies":[{"name":"wp","href":"https:\/\/api.w.org\/{rel}","templated":true}]}}