{"id":3190,"date":"2020-07-13T17:07:51","date_gmt":"2020-07-13T15:07:51","guid":{"rendered":"https:\/\/cienfuegos.fr\/?post_type=product&#038;p=3190"},"modified":"2020-09-02T07:34:04","modified_gmt":"2020-09-02T05:34:04","slug":"tiempo-de-vida","status":"publish","type":"product","link":"https:\/\/cienfuegos.fr\/index.php\/product\/tiempo-de-vida\/","title":{"rendered":"Tiempo de vida"},"content":{"rendered":"","protected":false},"excerpt":{"rendered":"<p>Autor: Giralt Torrente, Marcos<br \/>\nEditorial: Anagrama<br \/>\nA\u00f1o de publicaci\u00f3n: 2010<br \/>\nN\u00famero de p\u00e1ginas:<br \/>\nI.S.B.N:<\/p>\n<p>Toda narraci\u00f3n, incluso aquella que pretende imitar la vida, es una ficci\u00f3n. Un artificio. Partiendo de esta premisa, Giralt Torrente se enfrenta en este relato \u00edntimo a un tema universal: la muerte del padre. Reconstruye la relaci\u00f3n con su padre, el tiempo de vida que comparti\u00f3 con \u00e9l, con asombroso af\u00e1n de fidelidad. Sin eludir las zonas de penumbra pero sin recrearse en ellas. De esa forma, con ayuda de una prosa hipn\u00f3tica y concisa, la propia experiencia se transforma en experiencia de todos. El resultado es un libro conmovedor que abraza y golpea a un tiempo. Ni un homenaje ni un ajuste de cuentas. Un intento de comprender la relaci\u00f3n m\u00e1s compleja que cabe entre dos personas. El retrato de un padre y un hijo. Un inventario de vida en el que casi nada se calla y en el que, por eso, aparece la vida tal y como es: con sus tristezas y encrucijadas pero tambi\u00e9n con sus jubilosos descubrimientos. Una confesi\u00f3n valiente y hermosa que, estamos seguros, dar\u00e1 que hablar.<\/p>\n","protected":false},"featured_media":0,"comment_status":"closed","ping_status":"closed","template":"","meta":[],"class_list":{"0":"post-3190","1":"product","2":"type-product","3":"status-publish","5":"product_cat-narrativa","6":"post","8":"first","9":"instock","10":"taxable","11":"shipping-taxable","12":"purchasable","13":"product-type-simple"},"_links":{"self":[{"href":"https:\/\/cienfuegos.fr\/index.php\/wp-json\/wp\/v2\/product\/3190","targetHints":{"allow":["GET"]}}],"collection":[{"href":"https:\/\/cienfuegos.fr\/index.php\/wp-json\/wp\/v2\/product"}],"about":[{"href":"https:\/\/cienfuegos.fr\/index.php\/wp-json\/wp\/v2\/types\/product"}],"replies":[{"embeddable":true,"href":"https:\/\/cienfuegos.fr\/index.php\/wp-json\/wp\/v2\/comments?post=3190"}],"wp:attachment":[{"href":"https:\/\/cienfuegos.fr\/index.php\/wp-json\/wp\/v2\/media?parent=3190"}],"curies":[{"name":"wp","href":"https:\/\/api.w.org\/{rel}","templated":true}]}}