{"id":3189,"date":"2020-07-13T17:07:50","date_gmt":"2020-07-13T15:07:50","guid":{"rendered":"https:\/\/cienfuegos.fr\/?post_type=product&#038;p=3189"},"modified":"2020-09-02T17:03:14","modified_gmt":"2020-09-02T15:03:14","slug":"el-final-del-amor","status":"publish","type":"product","link":"https:\/\/cienfuegos.fr\/index.php\/product\/el-final-del-amor\/","title":{"rendered":"El final del amor"},"content":{"rendered":"","protected":false},"excerpt":{"rendered":"<p>Autor: Giralt Torrente, Marcos n Editorial: P\u00e1ginas de Espuma n A\u00f1o de publicaci\u00f3n: 2011 n N\u00famero de p\u00e1ginas: n I.S.B.N: nn Los cuatro relatos reunidos en El final del amor gravitan en torno al amor y sus posibilidades. En \u00abNos rodeaban palmeras\u00bb, una pareja de turistas experimenta en el transcurso de una excursi\u00f3n a una isla africana una lejan\u00eda mutua que parece irreparable; en \u00abCautivos\u00bb, un escritor asiste como testigo al desenlace de una relaci\u00f3n que la ausencia de pasi\u00f3n hac\u00eda extra\u00f1amente indisoluble; en \u00abJoanna\u00bb, un suceso azaroso devuelve a su protagonista, junto con la noticia de su imposible perpetuaci\u00f3n, el recuerdo de un amor adolescente nunca clausurado; en \u00ab\u00daltima gota fr\u00eda\u00bb, un chico que fantasea con que sus padres separados vuelvan a unirse intuye repentinamente que tal vez no sea lo mejor para ellos. El final del amor supone el esperado regreso de Marcos Giralt Torrente al g\u00e9nero en el que se form\u00f3 como escritor. Emoci\u00f3n, intensidad y profundidad son las palabras que mejor definen unas historias en las que todos los elementos se al\u00edan para despertar en el lector una acuciante necesidad de llegar hasta el final. El jurado, compuesto por Mercedes Abad, Jorge Volpi, \u00c1ngel Zapata, Javier S\u00e1ez de Ibarra y presidido por Luis Mateo D\u00edez, valor\u00f3 en El final del amor la escritura expresiva y estilizada de cuatro excelentes narraciones acerca de c\u00f3mo el amor se vertebra o llega a su fin, historias que suscitan emociones y conmociones intensas y profundamente misteriosas, de un escritor en plena madurez creativa.<\/p>\n","protected":false},"featured_media":5347,"comment_status":"closed","ping_status":"closed","template":"","meta":[],"class_list":{"0":"post-3189","1":"product","2":"type-product","3":"status-publish","4":"has-post-thumbnail","6":"product_cat-narrativa","7":"post","9":"first","10":"instock","11":"taxable","12":"shipping-taxable","13":"purchasable","14":"product-type-simple"},"_links":{"self":[{"href":"https:\/\/cienfuegos.fr\/index.php\/wp-json\/wp\/v2\/product\/3189","targetHints":{"allow":["GET"]}}],"collection":[{"href":"https:\/\/cienfuegos.fr\/index.php\/wp-json\/wp\/v2\/product"}],"about":[{"href":"https:\/\/cienfuegos.fr\/index.php\/wp-json\/wp\/v2\/types\/product"}],"replies":[{"embeddable":true,"href":"https:\/\/cienfuegos.fr\/index.php\/wp-json\/wp\/v2\/comments?post=3189"}],"wp:featuredmedia":[{"embeddable":true,"href":"https:\/\/cienfuegos.fr\/index.php\/wp-json\/wp\/v2\/media\/5347"}],"wp:attachment":[{"href":"https:\/\/cienfuegos.fr\/index.php\/wp-json\/wp\/v2\/media?parent=3189"}],"curies":[{"name":"wp","href":"https:\/\/api.w.org\/{rel}","templated":true}]}}