{"id":3166,"date":"2020-07-13T17:07:15","date_gmt":"2020-07-13T15:07:15","guid":{"rendered":"https:\/\/cienfuegos.fr\/?post_type=product&#038;p=3166"},"modified":"2020-08-09T12:23:51","modified_gmt":"2020-08-09T10:23:51","slug":"la-interpretacion-de-un-libro","status":"publish","type":"product","link":"https:\/\/cienfuegos.fr\/index.php\/product\/la-interpretacion-de-un-libro\/","title":{"rendered":"La interpretaci\u00f3n de un libro"},"content":{"rendered":"","protected":false},"excerpt":{"rendered":"<p>Autor: Becerra, Juan Jos\u00e9<br \/>\nEditorial: Candaya<br \/>\nA\u00f1o de publicaci\u00f3n: 2012<br \/>\nN\u00famero de p\u00e1ginas: 128<br \/>\nI.S.B.N:<\/p>\n<p>Mariano Mastandrea, un escritor solitario y telediadicto, recorre diariamente en tren<br \/>\nsubterr\u00e1neo la ciudad de Buenos Aires, esperando descubrir alg\u00fan lector de su novela Una eternidad, que languidece apilada en las mesas de saldos de las librer\u00edas de la calle Corrientes. El encuentro con Camila Pereyra, conocida por los empleados del Jard\u00edn Bot\u00e1nico como la \u201cloca de los libros\u201d, ser\u00e1 el inicio de una destructiva historia de amor que superpone dos intensidades (la de la lectura y la de los sentidos) y que convierte la<br \/>\npasi\u00f3n y la vida en representaci\u00f3n e impostura. La interpretaci\u00f3n de un libro describe dos sociopat\u00edas universales que tienden a desaparecer: la del escritor rom\u00e1ntico que junta mugre en su campana de cristal<br \/>\n(en el caso de Mastandrea un monoambiente sin ventilaci\u00f3n) y que piensa que no hay destino art\u00edstico de mayor gloria que el del fracaso y la incomprensi\u00f3n; y la de la lectora bovarista que cree que la literatura es la \u00fanica realidad en la que se puede vivir, una verdad que ella misma ilustra invadiendo la habitaci\u00f3n de Mastandrea con peque\u00f1os cuadros de Hooper en los que las mujeres leen o enloquecen. Hombre y mujer, novelista y groupie, literatura y vida, placer y adicci\u00f3n. La interpretaci\u00f3n de un libro es una comedia de desencuentros que intenta responder a una pregunta llena de trampas: \u00bfqui\u00e9n es m\u00e1s importante en la experiencia compartida de la literatura: el que lee o el que escribe?<\/p>\n","protected":false},"featured_media":0,"comment_status":"closed","ping_status":"closed","template":"","meta":[],"class_list":{"0":"post-3166","1":"product","2":"type-product","3":"status-publish","5":"product_cat-narrativa","6":"post","8":"first","9":"instock","10":"taxable","11":"shipping-taxable","12":"purchasable","13":"product-type-simple"},"_links":{"self":[{"href":"https:\/\/cienfuegos.fr\/index.php\/wp-json\/wp\/v2\/product\/3166","targetHints":{"allow":["GET"]}}],"collection":[{"href":"https:\/\/cienfuegos.fr\/index.php\/wp-json\/wp\/v2\/product"}],"about":[{"href":"https:\/\/cienfuegos.fr\/index.php\/wp-json\/wp\/v2\/types\/product"}],"replies":[{"embeddable":true,"href":"https:\/\/cienfuegos.fr\/index.php\/wp-json\/wp\/v2\/comments?post=3166"}],"wp:attachment":[{"href":"https:\/\/cienfuegos.fr\/index.php\/wp-json\/wp\/v2\/media?parent=3166"}],"curies":[{"name":"wp","href":"https:\/\/api.w.org\/{rel}","templated":true}]}}