{"id":3158,"date":"2020-07-13T17:07:03","date_gmt":"2020-07-13T15:07:03","guid":{"rendered":"https:\/\/cienfuegos.fr\/?post_type=product&#038;p=3158"},"modified":"2020-09-04T01:14:17","modified_gmt":"2020-09-03T23:14:17","slug":"el-infinito-en-la-palma-de-la-mano","status":"publish","type":"product","link":"https:\/\/cienfuegos.fr\/index.php\/product\/el-infinito-en-la-palma-de-la-mano\/","title":{"rendered":"El infinito en la palma de la mano"},"content":{"rendered":"","protected":false},"excerpt":{"rendered":"<p>Autor: Belli, Giocanda<br \/>\nEditorial:<br \/>\nA\u00f1o de publicaci\u00f3n: 2008<br \/>\nN\u00famero de p\u00e1ginas: 240<br \/>\nI.S.B.N:<\/p>\n<p>El m\u00e1gico relato de nuestros or\u00edgenes es probablemente el que m\u00e1s fascinaci\u00f3n ha inspirado en la humanidad a lo largo de los tiempos. Pero, m\u00e1s all\u00e1 de los cuarenta vers\u00edculos que la Biblia dedica a Ad\u00e1n y Eva, m\u00e1s all\u00e1 incluso de la leyenda, \u00bfc\u00f3mo ser\u00eda la vida de aquella inocente, valiente y conmovedora primera pareja?, \u00bfc\u00f3mo ser\u00eda aquel universo primigenio?<\/p>\n","protected":false},"featured_media":5352,"comment_status":"closed","ping_status":"closed","template":"","meta":[],"class_list":{"0":"post-3158","1":"product","2":"type-product","3":"status-publish","4":"has-post-thumbnail","6":"product_cat-narrativa","7":"post","9":"first","10":"instock","11":"taxable","12":"shipping-taxable","13":"purchasable","14":"product-type-simple"},"_links":{"self":[{"href":"https:\/\/cienfuegos.fr\/index.php\/wp-json\/wp\/v2\/product\/3158","targetHints":{"allow":["GET"]}}],"collection":[{"href":"https:\/\/cienfuegos.fr\/index.php\/wp-json\/wp\/v2\/product"}],"about":[{"href":"https:\/\/cienfuegos.fr\/index.php\/wp-json\/wp\/v2\/types\/product"}],"replies":[{"embeddable":true,"href":"https:\/\/cienfuegos.fr\/index.php\/wp-json\/wp\/v2\/comments?post=3158"}],"wp:featuredmedia":[{"embeddable":true,"href":"https:\/\/cienfuegos.fr\/index.php\/wp-json\/wp\/v2\/media\/5352"}],"wp:attachment":[{"href":"https:\/\/cienfuegos.fr\/index.php\/wp-json\/wp\/v2\/media?parent=3158"}],"curies":[{"name":"wp","href":"https:\/\/api.w.org\/{rel}","templated":true}]}}