{"id":3152,"date":"2020-07-13T17:06:54","date_gmt":"2020-07-13T15:06:54","guid":{"rendered":"https:\/\/cienfuegos.fr\/?post_type=product&#038;p=3152"},"modified":"2020-09-04T01:29:26","modified_gmt":"2020-09-03T23:29:26","slug":"un-padre-extranjero","status":"publish","type":"product","link":"https:\/\/cienfuegos.fr\/index.php\/product\/un-padre-extranjero\/","title":{"rendered":"Un padre extranjero"},"content":{"rendered":"","protected":false},"excerpt":{"rendered":"<p>Autor: Berti, Eduardo<br \/>\nEditorial: Impedimenta<br \/>\nA\u00f1o de publicaci\u00f3n: 2016<br \/>\nN\u00famero de p\u00e1ginas: 352<br \/>\nI.S.B.N:<\/p>\n<p>Una historia autobiogr\u00e1fica por la que desfilan un padre que siempre se ocult\u00f3 bajo un nombre falso y un mito literario cuyos secretos est\u00e1n guardados bajo llave. Un escritor que descubre a su padre esbozando su novela en el mismo caf\u00e9 en el que \u00e9l se refugia para crear su propia obra. Un marinero que planea asesinar al que ser\u00e1 uno de los grandes nombres de la literatura de todos los tiempos porque lo ha utilizado como personaje de uno de sus cuentos sin su permiso. Un polaco con diez hijos a los que ha bautizado con los nombres de diez reyes de Inglaterra. Personajes dispares con una nota com\u00fan: todos esconden oscuros secretos que se han esforzado en mantener ocultos, pero que, como ocurre con los grandes misterios, saldr\u00e1n a la luz gracias a peque\u00f1as coincidencias, cambiando tanto el futuro como el pasado de sus protagonistas. Berti, uno de los m\u00e1s brillantes escritores actuales, teje una fina trama en la que ficci\u00f3n y realidad se entrelazan de forma indisoluble para dar lugar a un libro \u00fanico. Una historia que se bifurca y se reinventa para atraparnos en uno de los relatos m\u00e1s hermosos sobre la figura del padre que se han escrito jam\u00e1s.<\/p>\n","protected":false},"featured_media":0,"comment_status":"closed","ping_status":"closed","template":"","meta":[],"class_list":{"0":"post-3152","1":"product","2":"type-product","3":"status-publish","5":"product_cat-narrativa","6":"post","8":"first","9":"instock","10":"taxable","11":"shipping-taxable","12":"purchasable","13":"product-type-simple"},"_links":{"self":[{"href":"https:\/\/cienfuegos.fr\/index.php\/wp-json\/wp\/v2\/product\/3152","targetHints":{"allow":["GET"]}}],"collection":[{"href":"https:\/\/cienfuegos.fr\/index.php\/wp-json\/wp\/v2\/product"}],"about":[{"href":"https:\/\/cienfuegos.fr\/index.php\/wp-json\/wp\/v2\/types\/product"}],"replies":[{"embeddable":true,"href":"https:\/\/cienfuegos.fr\/index.php\/wp-json\/wp\/v2\/comments?post=3152"}],"wp:attachment":[{"href":"https:\/\/cienfuegos.fr\/index.php\/wp-json\/wp\/v2\/media?parent=3152"}],"curies":[{"name":"wp","href":"https:\/\/api.w.org\/{rel}","templated":true}]}}