{"id":3149,"date":"2020-07-13T17:06:50","date_gmt":"2020-07-13T15:06:50","guid":{"rendered":"https:\/\/cienfuegos.fr\/?post_type=product&#038;p=3149"},"modified":"2020-09-04T01:39:30","modified_gmt":"2020-09-03T23:39:30","slug":"los-pajaros","status":"publish","type":"product","link":"https:\/\/cienfuegos.fr\/index.php\/product\/los-pajaros\/","title":{"rendered":"Los p\u00e1jaros"},"content":{"rendered":"","protected":false},"excerpt":{"rendered":"<p>Autor: Berti, Eduardo<br \/>\nEditorial: P\u00e1ginas de espuma<br \/>\nA\u00f1o de publicaci\u00f3n: 2003<br \/>\nN\u00famero de p\u00e1ginas: 136<br \/>\nI.S.B.N:<\/p>\n<p>\u201cLa sombra de un escritor o la prehistoria de un abuelo, el espacio exterior o los bajos fondos de una piscina, las siniestras posibilidades de la compota o el Apocalipsis casi secreto de un cuento bajo la lluvia. San Francisco o la Patagonia, el hallazgo de un tesoro o los extrav\u00edos del amor son \u2013apenas\u2013 algunos de los personajes y lugares y situaciones y s\u00edntomas que aletean en las p\u00e1ginas de Los p\u00e1jaros. Relatos que siempre se inician con la enga\u00f1osa calma de quien se sabe due\u00f1o de una buena historia y que se tomar\u00e1 su tiempo para contar todas y cada una de sus plumas, para as\u00ed disfrutar de la sorpresa del lector cuando los acontecimientos se precipiten y no quede m\u00e1s que rendirse ante el vuelo de una nueva y eficaz forma de narrar. Algo que a partir de Los p\u00e1jaros bien podr\u00eda definirse como lo bertiginoso. Algo que a partir de aqu\u00ed, ser\u00e1 identificado como el inequ\u00edvoco b\u00e9rtigo de esos cuentos que han reclamado para s\u00ed y para siempre, las jaulas de nuestra memoria.\u201d<\/p>\n","protected":false},"featured_media":0,"comment_status":"closed","ping_status":"closed","template":"","meta":[],"class_list":{"0":"post-3149","1":"product","2":"type-product","3":"status-publish","5":"product_cat-narrativa","6":"post","8":"first","9":"instock","10":"taxable","11":"shipping-taxable","12":"purchasable","13":"product-type-simple"},"_links":{"self":[{"href":"https:\/\/cienfuegos.fr\/index.php\/wp-json\/wp\/v2\/product\/3149","targetHints":{"allow":["GET"]}}],"collection":[{"href":"https:\/\/cienfuegos.fr\/index.php\/wp-json\/wp\/v2\/product"}],"about":[{"href":"https:\/\/cienfuegos.fr\/index.php\/wp-json\/wp\/v2\/types\/product"}],"replies":[{"embeddable":true,"href":"https:\/\/cienfuegos.fr\/index.php\/wp-json\/wp\/v2\/comments?post=3149"}],"wp:attachment":[{"href":"https:\/\/cienfuegos.fr\/index.php\/wp-json\/wp\/v2\/media?parent=3149"}],"curies":[{"name":"wp","href":"https:\/\/api.w.org\/{rel}","templated":true}]}}