{"id":3147,"date":"2020-07-13T17:06:46","date_gmt":"2020-07-13T15:06:46","guid":{"rendered":"https:\/\/cienfuegos.fr\/?post_type=product&#038;p=3147"},"modified":"2020-09-04T01:43:11","modified_gmt":"2020-09-03T23:43:11","slug":"el-complot-mongol","status":"publish","type":"product","link":"https:\/\/cienfuegos.fr\/index.php\/product\/el-complot-mongol\/","title":{"rendered":"El complot mongol"},"content":{"rendered":"","protected":false},"excerpt":{"rendered":"<p>Autor: Bernal, Rafael<br \/>\nEditorial: Libros del Asteroide<br \/>\nA\u00f1o de publicaci\u00f3n: 2013<br \/>\nN\u00famero de p\u00e1ginas: 240<br \/>\nI.S.B.N:<\/p>\n<p>M\u00e9xico D. F., a\u00f1os sesenta: Los servicios secretos estadounidenses y sovi\u00e9ticos est\u00e1n convencidos de que China planea asesinar al presidente de EE. UU. durante su pr\u00f3ximo viaje oficial a la capital del pa\u00eds. Para impedir el atentado se ponen en contacto con Filiberto Garc\u00eda, un detective privado poco escrupuloso que se autodefine como fabricante de muertos y que trabaja ocasionalmente para la polic\u00eda mexicana. Garc\u00eda har\u00e1 cuanto est\u00e9 en su mano para desbaratar el complot. Ayudado por agentes del FBI y el KGB, Graves y Laski, Garc\u00eda dispondr\u00e1 solo de setenta y dos horas para evitar el asesinato. Su investigaci\u00f3n le llevar\u00e1 por diferentes barrios de la Ciudad de M\u00e9xico, y lo pondr\u00e1 en contacto con hampones, pol\u00edticos y funcionarios corruptos. Un complicado desaf\u00edo que no podr\u00e1 resolver solo con su gatillo f\u00e1cil y en \u00e9l deber\u00e1 poner todo su ingenio. Publicada por primera vez en 1969, su descripci\u00f3n del sistema social, econ\u00f3mico y pol\u00edtico del pa\u00eds no ha perdido ni un \u00e1pice de vitalidad.<\/p>\n","protected":false},"featured_media":5315,"comment_status":"closed","ping_status":"closed","template":"","meta":[],"class_list":{"0":"post-3147","1":"product","2":"type-product","3":"status-publish","4":"has-post-thumbnail","6":"product_cat-narrativa","7":"post","9":"first","10":"instock","11":"taxable","12":"shipping-taxable","13":"purchasable","14":"product-type-simple"},"_links":{"self":[{"href":"https:\/\/cienfuegos.fr\/index.php\/wp-json\/wp\/v2\/product\/3147","targetHints":{"allow":["GET"]}}],"collection":[{"href":"https:\/\/cienfuegos.fr\/index.php\/wp-json\/wp\/v2\/product"}],"about":[{"href":"https:\/\/cienfuegos.fr\/index.php\/wp-json\/wp\/v2\/types\/product"}],"replies":[{"embeddable":true,"href":"https:\/\/cienfuegos.fr\/index.php\/wp-json\/wp\/v2\/comments?post=3147"}],"wp:featuredmedia":[{"embeddable":true,"href":"https:\/\/cienfuegos.fr\/index.php\/wp-json\/wp\/v2\/media\/5315"}],"wp:attachment":[{"href":"https:\/\/cienfuegos.fr\/index.php\/wp-json\/wp\/v2\/media?parent=3147"}],"curies":[{"name":"wp","href":"https:\/\/api.w.org\/{rel}","templated":true}]}}