{"id":3145,"date":"2020-07-13T17:06:43","date_gmt":"2020-07-13T15:06:43","guid":{"rendered":"https:\/\/cienfuegos.fr\/?post_type=product&#038;p=3145"},"modified":"2020-09-04T01:52:15","modified_gmt":"2020-09-03T23:52:15","slug":"cuaderno-del-ausente","status":"publish","type":"product","link":"https:\/\/cienfuegos.fr\/index.php\/product\/cuaderno-del-ausente\/","title":{"rendered":"Cuaderno del ausente"},"content":{"rendered":"","protected":false},"excerpt":{"rendered":"<p>Autor: Battista, Vicente<br \/>\nEditorial: Littere<br \/>\nA\u00f1o de publicaci\u00f3n: 2009<br \/>\nN\u00famero de p\u00e1ginas: 256<br \/>\nI.S.B.N:<\/p>\n<p>Quince a\u00f1os despu\u00e9s de la muerte de Evaristo Meneses, c\u00e9lebre comisario de la d\u00e9cada del &#8217;60. Raul Benavides, un periodista free-lance, debe escribir una nota que trace su perfil y evoque sus haza\u00f1as. As\u00ed conoce a Erika, una vieja prostituta, hoy madame en un prost\u00edbulo, quien asegura haber sido su eterna amante. Un m\u00edtico comisario ya muerto, un periodista desinformado y una anciana prostituta, son los tres personajes claves de esta historia en donde verdad y mentira se confunden sin descanso. Erika elige a Benavides para hablarle de su encendida relaci\u00f3n con Meneses, en su relato el crimen invariablemente se cruza con el sexo. Benavides intuye que ser su confidente puede resultar peligroso, se imagina perseguido, pero igual regresa una y otra vez al prost\u00edbulo. Esa narraci\u00f3n lo lleva a un pasado y a un enigm\u00e1tico Cuaderno en el que el Comisario anotaba lo que no pod\u00eda decir: la verdadera historia a\u00fan no contada\u00bb-<\/p>\n","protected":false},"featured_media":5264,"comment_status":"closed","ping_status":"closed","template":"","meta":[],"class_list":{"0":"post-3145","1":"product","2":"type-product","3":"status-publish","4":"has-post-thumbnail","6":"product_cat-narrativa","7":"post","9":"first","10":"instock","11":"taxable","12":"shipping-taxable","13":"purchasable","14":"product-type-simple"},"_links":{"self":[{"href":"https:\/\/cienfuegos.fr\/index.php\/wp-json\/wp\/v2\/product\/3145","targetHints":{"allow":["GET"]}}],"collection":[{"href":"https:\/\/cienfuegos.fr\/index.php\/wp-json\/wp\/v2\/product"}],"about":[{"href":"https:\/\/cienfuegos.fr\/index.php\/wp-json\/wp\/v2\/types\/product"}],"replies":[{"embeddable":true,"href":"https:\/\/cienfuegos.fr\/index.php\/wp-json\/wp\/v2\/comments?post=3145"}],"wp:featuredmedia":[{"embeddable":true,"href":"https:\/\/cienfuegos.fr\/index.php\/wp-json\/wp\/v2\/media\/5264"}],"wp:attachment":[{"href":"https:\/\/cienfuegos.fr\/index.php\/wp-json\/wp\/v2\/media?parent=3145"}],"curies":[{"name":"wp","href":"https:\/\/api.w.org\/{rel}","templated":true}]}}