{"id":3142,"date":"2020-07-13T17:06:40","date_gmt":"2020-07-13T15:06:40","guid":{"rendered":"https:\/\/cienfuegos.fr\/?post_type=product&#038;p=3142"},"modified":"2020-09-04T01:57:53","modified_gmt":"2020-09-03T23:57:53","slug":"el-limite-inferior","status":"publish","type":"product","link":"https:\/\/cienfuegos.fr\/index.php\/product\/el-limite-inferior\/","title":{"rendered":"El l\u00edmite inferior"},"content":{"rendered":"","protected":false},"excerpt":{"rendered":"<p>Autor: Basabe, Nere<br \/>\nEditorial: Salto de p\u00e1gina<br \/>\nA\u00f1o de publicaci\u00f3n:<br \/>\nN\u00famero de p\u00e1ginas:<br \/>\nI.S.B.N:<\/p>\n<p>Sinopsis Durante un fin de semana cuatro personajes coinciden en La Solana, un peque\u00f1o pueblo costero del Mediterr\u00e1neo azotado por la gota fr\u00eda: V\u00edctor y Valeria, un matrimonio en crisis que con el pretexto de un viaje de negocios parece haber venido a poner fin a su relaci\u00f3n; y Breog\u00e1n y Brigitte, un artesano y una gu\u00eda tur\u00edstica varados en este rinc\u00f3n perdido por cuyas callejuelas se cruzan a diario sin llegar a encontrarse. A trav\u00e9s de esta intriga intimista con ecos de Chirbes, Gopegui o Houellebecq, El l\u00edmite inferior rastrea las zonas de sombra de la industria del ocio y el turismo que aup\u00f3 a Espa\u00f1a a lo m\u00e1s alto de la fiesta, desde donde ya se divisaba la resaca por venir.<\/p>\n","protected":false},"featured_media":5355,"comment_status":"closed","ping_status":"closed","template":"","meta":[],"class_list":{"0":"post-3142","1":"product","2":"type-product","3":"status-publish","4":"has-post-thumbnail","6":"product_cat-narrativa","7":"post","9":"first","10":"instock","11":"taxable","12":"shipping-taxable","13":"purchasable","14":"product-type-simple"},"_links":{"self":[{"href":"https:\/\/cienfuegos.fr\/index.php\/wp-json\/wp\/v2\/product\/3142","targetHints":{"allow":["GET"]}}],"collection":[{"href":"https:\/\/cienfuegos.fr\/index.php\/wp-json\/wp\/v2\/product"}],"about":[{"href":"https:\/\/cienfuegos.fr\/index.php\/wp-json\/wp\/v2\/types\/product"}],"replies":[{"embeddable":true,"href":"https:\/\/cienfuegos.fr\/index.php\/wp-json\/wp\/v2\/comments?post=3142"}],"wp:featuredmedia":[{"embeddable":true,"href":"https:\/\/cienfuegos.fr\/index.php\/wp-json\/wp\/v2\/media\/5355"}],"wp:attachment":[{"href":"https:\/\/cienfuegos.fr\/index.php\/wp-json\/wp\/v2\/media?parent=3142"}],"curies":[{"name":"wp","href":"https:\/\/api.w.org\/{rel}","templated":true}]}}