{"id":3141,"date":"2020-07-13T17:06:38","date_gmt":"2020-07-13T15:06:38","guid":{"rendered":"https:\/\/cienfuegos.fr\/?post_type=product&#038;p=3141"},"modified":"2020-09-04T01:59:17","modified_gmt":"2020-09-03T23:59:17","slug":"distancia-de-rescate","status":"publish","type":"product","link":"https:\/\/cienfuegos.fr\/index.php\/product\/distancia-de-rescate\/","title":{"rendered":"Distancia de rescate"},"content":{"rendered":"","protected":false},"excerpt":{"rendered":"<p>Autor: Schweblin, Samanta<br \/>\nEditorial: Random House<br \/>\nA\u00f1o de publicaci\u00f3n: 2020<br \/>\nN\u00famero de p\u00e1ginas: 128<br \/>\nI.S.B.N:<\/p>\n<p>El campo ha cambiado frente a nuestros ojos sin que nadie se diera cuenta. Y quiz\u00e1 no se trate solo de sequ\u00edas y herbicidas, quiz\u00e1 se trate del hilo vital y filoso que nos ata a nuestros hijos, y del veneno que echamos sobre ellos. Nada es un clich\u00e9 cuando finalmente sucede. Distancia de rescate sigue esta vertiginosa fatalidad haci\u00e9ndose siempre las mismas preguntas: \u00bfHay acaso alg\u00fan apocalipsis que no sea personal? \u00bfCu\u00e1l es el punto exacto en el que, sin saberlo, se da el paso en falso que, ahora s\u00ed, nos condena? Samanta Schweblin ha escrito un relato extraordinario e hipn\u00f3tico, urgente y perdurable, que logra mantenernos inevitablemente atrapados y sumergirnos en un universo de ficci\u00f3n estremecedor.<\/p>\n","protected":false},"featured_media":5295,"comment_status":"closed","ping_status":"closed","template":"","meta":[],"class_list":{"0":"post-3141","1":"product","2":"type-product","3":"status-publish","4":"has-post-thumbnail","6":"product_cat-narrativa","7":"post","9":"first","10":"instock","11":"taxable","12":"shipping-taxable","13":"purchasable","14":"product-type-simple"},"_links":{"self":[{"href":"https:\/\/cienfuegos.fr\/index.php\/wp-json\/wp\/v2\/product\/3141","targetHints":{"allow":["GET"]}}],"collection":[{"href":"https:\/\/cienfuegos.fr\/index.php\/wp-json\/wp\/v2\/product"}],"about":[{"href":"https:\/\/cienfuegos.fr\/index.php\/wp-json\/wp\/v2\/types\/product"}],"replies":[{"embeddable":true,"href":"https:\/\/cienfuegos.fr\/index.php\/wp-json\/wp\/v2\/comments?post=3141"}],"wp:featuredmedia":[{"embeddable":true,"href":"https:\/\/cienfuegos.fr\/index.php\/wp-json\/wp\/v2\/media\/5295"}],"wp:attachment":[{"href":"https:\/\/cienfuegos.fr\/index.php\/wp-json\/wp\/v2\/media?parent=3141"}],"curies":[{"name":"wp","href":"https:\/\/api.w.org\/{rel}","templated":true}]}}