{"id":3139,"date":"2020-07-13T17:06:35","date_gmt":"2020-07-13T15:06:35","guid":{"rendered":"https:\/\/cienfuegos.fr\/?post_type=product&#038;p=3139"},"modified":"2020-09-04T02:02:27","modified_gmt":"2020-09-04T00:02:27","slug":"la-sonrisa-etrusca","status":"publish","type":"product","link":"https:\/\/cienfuegos.fr\/index.php\/product\/la-sonrisa-etrusca\/","title":{"rendered":"La sonrisa etrusca"},"content":{"rendered":"","protected":false},"excerpt":{"rendered":"<p>Autor: Sampedro, Jos\u00e9 Luis<br \/>\nEditorial: Debolsillo<br \/>\nA\u00f1o de publicaci\u00f3n: 2010<br \/>\nN\u00famero de p\u00e1ginas: 332<br \/>\nI.S.B.N:<\/p>\n<p>Un viejo campesino calabr\u00e9s llega a casa de sus hijos en Milan para someterse a una revision m\u00e9dica. Alli descubre su \u00faltimo afecto, una criatura en la que volcar toda su ternura : su nieto, que se llama Bruno, como a \u00e9l le llamaban sus camaradas partisanos. Y vive tambi\u00e9n su ultima pasion : el amor de una mujer que iluminar\u00e1 la etapa final de su vida concedi\u00e9ndole toda su plenitud&#8230; Una bellisima novela sobre et eterno tema del amor.<\/p>\n","protected":false},"featured_media":0,"comment_status":"closed","ping_status":"closed","template":"","meta":[],"class_list":{"0":"post-3139","1":"product","2":"type-product","3":"status-publish","5":"product_cat-narrativa","6":"post","8":"first","9":"instock","10":"taxable","11":"shipping-taxable","12":"purchasable","13":"product-type-simple"},"_links":{"self":[{"href":"https:\/\/cienfuegos.fr\/index.php\/wp-json\/wp\/v2\/product\/3139","targetHints":{"allow":["GET"]}}],"collection":[{"href":"https:\/\/cienfuegos.fr\/index.php\/wp-json\/wp\/v2\/product"}],"about":[{"href":"https:\/\/cienfuegos.fr\/index.php\/wp-json\/wp\/v2\/types\/product"}],"replies":[{"embeddable":true,"href":"https:\/\/cienfuegos.fr\/index.php\/wp-json\/wp\/v2\/comments?post=3139"}],"wp:attachment":[{"href":"https:\/\/cienfuegos.fr\/index.php\/wp-json\/wp\/v2\/media?parent=3139"}],"curies":[{"name":"wp","href":"https:\/\/api.w.org\/{rel}","templated":true}]}}