{"id":3134,"date":"2020-07-13T17:06:27","date_gmt":"2020-07-13T15:06:27","guid":{"rendered":"https:\/\/cienfuegos.fr\/?post_type=product&#038;p=3134"},"modified":"2020-09-04T02:10:29","modified_gmt":"2020-09-04T00:10:29","slug":"estrella-distante","status":"publish","type":"product","link":"https:\/\/cienfuegos.fr\/index.php\/product\/estrella-distante\/","title":{"rendered":"Estrella distante"},"content":{"rendered":"","protected":false},"excerpt":{"rendered":"<p>Autor: Bola\u00f1o, Roberto<br \/>\nEditorial: Anagrama<br \/>\nA\u00f1o de publicaci\u00f3n: 1996<br \/>\nN\u00famero de p\u00e1ginas: 160<br \/>\nI.S.B.N:<\/p>\n<p>USADO. El narrador vio por primera vez a aquel hombre en 1971, o 1972, cuando Allende a\u00fan era presidente de Chile. Entonces se hac\u00eda llamar Ruiz-Tagle y se deslizaba con la distancia y la cautela de un gato por los talleres literarios de la universidad de Concepci\u00f3n. Escrib\u00eda poemas tambi\u00e9n distantes y cautelosos, seduc\u00eda a las mujeres, despertaba en los hombres una indefinible desconfianza. Volvi\u00f3 a verlo despu\u00e9s del Golpe. Pero en esa ocasi\u00f3n el narrador a\u00fan ignoraba que aquel aviador, Wieder, que escrib\u00eda con humor vers\u00edculos de la Biblia con un avi\u00f3n de la Segunda Guerra Mundial, y Ruiz-Tagle, el aprendiz de poeta, eran uno y el mismo.<\/p>\n","protected":false},"featured_media":0,"comment_status":"closed","ping_status":"closed","template":"","meta":[],"class_list":{"0":"post-3134","1":"product","2":"type-product","3":"status-publish","5":"product_cat-narrativa","6":"post","8":"first","9":"instock","10":"taxable","11":"shipping-taxable","12":"purchasable","13":"product-type-simple"},"_links":{"self":[{"href":"https:\/\/cienfuegos.fr\/index.php\/wp-json\/wp\/v2\/product\/3134","targetHints":{"allow":["GET"]}}],"collection":[{"href":"https:\/\/cienfuegos.fr\/index.php\/wp-json\/wp\/v2\/product"}],"about":[{"href":"https:\/\/cienfuegos.fr\/index.php\/wp-json\/wp\/v2\/types\/product"}],"replies":[{"embeddable":true,"href":"https:\/\/cienfuegos.fr\/index.php\/wp-json\/wp\/v2\/comments?post=3134"}],"wp:attachment":[{"href":"https:\/\/cienfuegos.fr\/index.php\/wp-json\/wp\/v2\/media?parent=3134"}],"curies":[{"name":"wp","href":"https:\/\/api.w.org\/{rel}","templated":true}]}}