{"id":3133,"date":"2020-07-13T17:06:26","date_gmt":"2020-07-13T15:06:26","guid":{"rendered":"https:\/\/cienfuegos.fr\/?post_type=product&#038;p=3133"},"modified":"2020-09-04T04:35:54","modified_gmt":"2020-09-04T02:35:54","slug":"signos-junto-al-camino","status":"publish","type":"product","link":"https:\/\/cienfuegos.fr\/index.php\/product\/signos-junto-al-camino\/","title":{"rendered":"Signos junto al camino"},"content":{"rendered":"","protected":false},"excerpt":{"rendered":"<p>Autor: Andric, Ivo<br \/>\nEditorial: Sexto Piso<br \/>\nA\u00f1o de publicaci\u00f3n: 2016<br \/>\nN\u00famero de p\u00e1ginas: 560<br \/>\nI.S.B.N:<\/p>\n<p>Signos junto al camino es un libro cuya forma se nos escapa. Son a la vez anotaciones y apuntes de diario, son insomnio y vigilia, son textos tanto para escritores como para lectores, son tambi\u00e9n un inventario de pesadillas y un conjunto de historias cotidianas, son el inicio de una novela \u00abtotal\u00bb y un poema solitario que infunde aliento y a veces, en regocijo, uno deja escapar por sus labios. Un hombre que siempre sabe con certeza d\u00f3nde est\u00e1, cu\u00e1nto hay desde el \u00abaqu\u00ed y ahora\u00bb hasta el \u00aball\u00e1 y m\u00e1s all\u00e1\u00bb, es un hombre perdido, determinado por su imprudencia o soberbia. Es un hombre determinado por accesorios t\u00e9cnicos, sistemas de medici\u00f3n, estructuras sociales. pero no por s\u00ed mismo. Aunque suene parad\u00f3jico, ese punto en el que est\u00e1 cada hombre es el camino.<\/p>\n","protected":false},"featured_media":0,"comment_status":"closed","ping_status":"closed","template":"","meta":[],"class_list":{"0":"post-3133","1":"product","2":"type-product","3":"status-publish","5":"product_cat-narrativa","6":"post","8":"first","9":"instock","10":"taxable","11":"shipping-taxable","12":"purchasable","13":"product-type-simple"},"_links":{"self":[{"href":"https:\/\/cienfuegos.fr\/index.php\/wp-json\/wp\/v2\/product\/3133","targetHints":{"allow":["GET"]}}],"collection":[{"href":"https:\/\/cienfuegos.fr\/index.php\/wp-json\/wp\/v2\/product"}],"about":[{"href":"https:\/\/cienfuegos.fr\/index.php\/wp-json\/wp\/v2\/types\/product"}],"replies":[{"embeddable":true,"href":"https:\/\/cienfuegos.fr\/index.php\/wp-json\/wp\/v2\/comments?post=3133"}],"wp:attachment":[{"href":"https:\/\/cienfuegos.fr\/index.php\/wp-json\/wp\/v2\/media?parent=3133"}],"curies":[{"name":"wp","href":"https:\/\/api.w.org\/{rel}","templated":true}]}}