{"id":3132,"date":"2020-07-13T17:06:25","date_gmt":"2020-07-13T15:06:25","guid":{"rendered":"https:\/\/cienfuegos.fr\/?post_type=product&#038;p=3132"},"modified":"2020-09-04T04:38:34","modified_gmt":"2020-09-04T02:38:34","slug":"los-viernes-en-enricos","status":"publish","type":"product","link":"https:\/\/cienfuegos.fr\/index.php\/product\/los-viernes-en-enricos\/","title":{"rendered":"Los viernes en Enrico&#8217;s"},"content":{"rendered":"","protected":false},"excerpt":{"rendered":"<p>Autor: Capenter, Don<br \/>\nEditorial: Sexto Piso<br \/>\nA\u00f1o de publicaci\u00f3n: 2015<br \/>\nN\u00famero de p\u00e1ginas: 400<br \/>\nI.S.B.N:<\/p>\n<p>Los viernes en Enrico&#8217;s disecciona con rotunda sobriedad las ambiciones literarias y las aspiraciones a la fama y al dinero de un heterog\u00e9neo grupo de amigos. Carpenter presenta una maravillosa e inolvidable galer\u00eda de personajes, varado cada cual en su particular atolladero de traumas y esperanzas: Dick Dubonet y Charlie Monel, empe\u00f1ados en materializar el potencial que muestran desde muy j\u00f3venes; Jaime Froward y Stan Winger, que se abren paso de manera m\u00e1s lenta, pero tambi\u00e9n m\u00e1s determinada, como si su tes\u00f3n tuviera que forjar y conquistar un destino que pareciera que nunca terminaran de hacer suyo; y Linda, la presencia el\u00e9ctrica que galvaniza al resto, musa de los beat y femme fatale en la que convergen el deseo y las frustraciones de los protagonistas. La losa de ser una eterna promesa, la tentaci\u00f3n de venderse a Hollywood, los celos profesionales, los \u00e9xitos fulgurantes y pasajeros, las drogas, el alcohol, el sexo, la interminable carrera de fondo que supone la escritura y el desgaste emocional y vital que ello conlleva: Carpenter construye con absoluta maestr\u00eda y pulso narrativo unas historias agridulces, que resuenan hondamente en el silencio admirado que sigue a la lectura de esta novela.<\/p>\n","protected":false},"featured_media":0,"comment_status":"closed","ping_status":"closed","template":"","meta":[],"class_list":{"0":"post-3132","1":"product","2":"type-product","3":"status-publish","5":"product_cat-narrativa","6":"post","8":"first","9":"instock","10":"taxable","11":"shipping-taxable","12":"purchasable","13":"product-type-simple"},"_links":{"self":[{"href":"https:\/\/cienfuegos.fr\/index.php\/wp-json\/wp\/v2\/product\/3132","targetHints":{"allow":["GET"]}}],"collection":[{"href":"https:\/\/cienfuegos.fr\/index.php\/wp-json\/wp\/v2\/product"}],"about":[{"href":"https:\/\/cienfuegos.fr\/index.php\/wp-json\/wp\/v2\/types\/product"}],"replies":[{"embeddable":true,"href":"https:\/\/cienfuegos.fr\/index.php\/wp-json\/wp\/v2\/comments?post=3132"}],"wp:attachment":[{"href":"https:\/\/cienfuegos.fr\/index.php\/wp-json\/wp\/v2\/media?parent=3132"}],"curies":[{"name":"wp","href":"https:\/\/api.w.org\/{rel}","templated":true}]}}