{"id":3098,"date":"2020-07-13T17:05:25","date_gmt":"2020-07-13T15:05:25","guid":{"rendered":"https:\/\/cienfuegos.fr\/?post_type=product&#038;p=3098"},"modified":"2020-09-04T05:54:34","modified_gmt":"2020-09-04T03:54:34","slug":"te-desafio-a-correr-como-un-idiota-por-el-jardin","status":"publish","type":"product","link":"https:\/\/cienfuegos.fr\/index.php\/product\/te-desafio-a-correr-como-un-idiota-por-el-jardin\/","title":{"rendered":"Te desafio a correr como un idiota por el jard\u00edn"},"content":{"rendered":"","protected":false},"excerpt":{"rendered":"<p>Autor: Bizzio, Sergio<br \/>\nEditorial: Mansalva<br \/>\nA\u00f1o de publicaci\u00f3n: 2008<br \/>\nN\u00famero de p\u00e1ginas: 64<br \/>\nI.S.B.N: 9789871474073<\/p>\n<p>\u00abDentro de las acertadas decisiones que tom\u00f3 la editorial Mansalva en 2008 se encuentra la publicaci\u00f3n de una suerte de breve suma po\u00e9tica de Sergio Bizzio, compuesta por algunos poemas rescatados del libro Gran Sal\u00f3n con piano de 1982, la totalidad de M\u00ednimo figurado (1988) y de la plaqueta Paraguay (1991) m\u00e1s un conjunto de in\u00e9ditos. Si bien en esta oportunidad el autor prescindi\u00f3 de los t\u00edtulos originales y agrup\u00f3 todo el material bajo el t\u00edtulo general de Te desaf\u00edo a correr como un idiota por el jard\u00edn. La poes\u00eda de Bizzio podr\u00eda separarse en tres etapas. En la primera de ellas, con frases sueltas que en ocasiones parecen robadas de la libreta de apuntes de un narrador y en otras de las de un poeta l\u00edrico o de un aforista, el autor construye un universo hecho de fragmentos, de pormenores, abundante en l\u00e1minas, redecillas, y proclamas epigram\u00e1ticas tan hermosas como arbitrarias\u00bb.<\/p>\n","protected":false},"featured_media":0,"comment_status":"closed","ping_status":"closed","template":"","meta":[],"class_list":{"0":"post-3098","1":"product","2":"type-product","3":"status-publish","5":"product_cat-poesia","6":"post","8":"first","9":"instock","10":"taxable","11":"shipping-taxable","12":"purchasable","13":"product-type-simple"},"_links":{"self":[{"href":"https:\/\/cienfuegos.fr\/index.php\/wp-json\/wp\/v2\/product\/3098","targetHints":{"allow":["GET"]}}],"collection":[{"href":"https:\/\/cienfuegos.fr\/index.php\/wp-json\/wp\/v2\/product"}],"about":[{"href":"https:\/\/cienfuegos.fr\/index.php\/wp-json\/wp\/v2\/types\/product"}],"replies":[{"embeddable":true,"href":"https:\/\/cienfuegos.fr\/index.php\/wp-json\/wp\/v2\/comments?post=3098"}],"wp:attachment":[{"href":"https:\/\/cienfuegos.fr\/index.php\/wp-json\/wp\/v2\/media?parent=3098"}],"curies":[{"name":"wp","href":"https:\/\/api.w.org\/{rel}","templated":true}]}}