{"id":3096,"date":"2020-07-13T17:05:22","date_gmt":"2020-07-13T15:05:22","guid":{"rendered":"https:\/\/cienfuegos.fr\/?post_type=product&#038;p=3096"},"modified":"2020-09-04T05:58:24","modified_gmt":"2020-09-04T03:58:24","slug":"las-teorias-salvajes","status":"publish","type":"product","link":"https:\/\/cienfuegos.fr\/index.php\/product\/las-teorias-salvajes\/","title":{"rendered":"Las teor\u00edas salvajes"},"content":{"rendered":"","protected":false},"excerpt":{"rendered":"<p>Autor: Oloixarac, Pola<br \/>\nEditorial: Entrop\u00eda<br \/>\nA\u00f1o de publicaci\u00f3n: 2011<br \/>\nN\u00famero de p\u00e1ginas: 252<br \/>\nI.S.B.N:<\/p>\n<p>\u00abLas teor\u00edas salvajes podr\u00eda entenderse como una comedia (y m\u00e1s exactamente: como una comedia isabelina) si no fuera porque, en rigor, es m\u00e1s bien un roman philosophique, que encuentra en la raz\u00f3n, la modernidad y el sujeto universal sus temas. Por supuesto, las doctrinas, tal como cualquier persona con paciencia puede aprenderlas en la Facultad de Filosof\u00eda y Letras de la Universidad de Buenos Aires (\u201cun ecosistema gag\u00e1 donde se permit\u00eda al acad\u00e9mico gag\u00e1 convivir a gusto con el deterioro institucional\u201d), no est\u00e1n ausentes de su discurrir, pero el aspecto que presentan los personajes filos\u00f3ficos convocados es de tal talante que, ahora s\u00ed, parecen h\u00e9roes de una comedia (pero una comedia disparatada de los a\u00f1os cincuenta). El lector atento encontrar\u00e1 en Las teor\u00edas salvajes ramalazos de Humbert-Humbert, de Rousseau, de Wittgenstein, incluso de Nippur de Lagash. Es como si la novela (o las novelas que se incluyen unas dentro de otras, como Matrioshkas desquiciadas que adem\u00e1s han le\u00eddo a Proust y saben que todo puede ser le\u00eddo \u00e0 clef) quisiera gritar: \u201c\u00bfpero no era que filo-sof\u00eda quer\u00eda decir amor por el saber, no importa d\u00f3nde se encuentre?\u201d. Desde estas p\u00e1ginas que Pola Oloixarac (pariente emp\u00e1tica del bar\u00f3n Jacob von Uexk\u00fcll, el eminente z\u00f3ologo) nos regala, alguien le contestar\u00eda que no: \u201cLa filosof\u00eda es el playground de Sat\u00e1n\u201d.\u00bb<\/p>\n","protected":false},"featured_media":0,"comment_status":"closed","ping_status":"closed","template":"","meta":[],"class_list":{"0":"post-3096","1":"product","2":"type-product","3":"status-publish","5":"product_cat-poesia","6":"post","8":"first","9":"instock","10":"taxable","11":"shipping-taxable","12":"purchasable","13":"product-type-simple"},"_links":{"self":[{"href":"https:\/\/cienfuegos.fr\/index.php\/wp-json\/wp\/v2\/product\/3096","targetHints":{"allow":["GET"]}}],"collection":[{"href":"https:\/\/cienfuegos.fr\/index.php\/wp-json\/wp\/v2\/product"}],"about":[{"href":"https:\/\/cienfuegos.fr\/index.php\/wp-json\/wp\/v2\/types\/product"}],"replies":[{"embeddable":true,"href":"https:\/\/cienfuegos.fr\/index.php\/wp-json\/wp\/v2\/comments?post=3096"}],"wp:attachment":[{"href":"https:\/\/cienfuegos.fr\/index.php\/wp-json\/wp\/v2\/media?parent=3096"}],"curies":[{"name":"wp","href":"https:\/\/api.w.org\/{rel}","templated":true}]}}