{"id":3094,"date":"2020-07-13T17:05:19","date_gmt":"2020-07-13T15:05:19","guid":{"rendered":"https:\/\/cienfuegos.fr\/?post_type=product&#038;p=3094"},"modified":"2021-01-20T22:32:12","modified_gmt":"2021-01-20T21:32:12","slug":"nicanor-parra-rey-y-mendigo","status":"publish","type":"product","link":"https:\/\/cienfuegos.fr\/index.php\/product\/nicanor-parra-rey-y-mendigo\/","title":{"rendered":"Nicanor Parra, rey y mendigo"},"content":{"rendered":"","protected":false},"excerpt":{"rendered":"<p>Autor: Gumucio, Rafael<br \/>\nEditorial:<br \/>\nA\u00f1o de publicaci\u00f3n: 2018<br \/>\nN\u00famero de p\u00e1ginas: 492<br \/>\nI.S.B.N: 978-956-314-422-2<\/p>\n<p>Rafael Gumucio ten\u00eda 32 a\u00f1os cuando visit\u00f3 por primera vez a Nicanor Parra, que ten\u00eda 87 y viv\u00eda en su m\u00edtica casa de Las Cruces a la que peregrinaba, como quien acude a un or\u00e1culo, un grupo selecto de escritores chilenos, casi siempre muy j\u00f3venes. Era el a\u00f1o 2002 y Gumucio acudi\u00f3 con ilusi\u00f3n, creyendo que Parra se hab\u00eda interesado en sus libros. Pero el poeta solo quer\u00eda hablar de una de las tantas columnas que el autor de Memorias prematuras publicaba en los peri\u00f3dicos: \u201cSupe en ese instante que no le importaban mis libros ni mi prosa, que yo pensaba ingenuamente me hab\u00edan llevado hasta aqu\u00ed. Le gustaba una columna de entre las miles que hab\u00eda escrito, y era esa y nada m\u00e1s. Con eso basta y sobra\u201d. Gumucio sigui\u00f3 visitando a Parra asiduamente, pero en aquel primer encuentro qued\u00f3 sellada la textura que tendr\u00eda la relaci\u00f3n entre ambos: Parra proyectar\u00eda su sombra apabullante cargada de inteligencia y de talento, y Gumucio se debatir\u00eda bajo esa sombra entre la admiraci\u00f3n, el desconcierto y el terror: \u201cVive en el infierno, pienso, o en el purgatorio, ese se\u00f1or que hace chistes todo el tiempo, que camina como si bailara y odia el patetismo existencial o cualquier tipo de gravedad. No descansa nunca, aunque est\u00e9 tranquilamente sentado frente al ventanal que da al mar\u201d. Partiendo de una tarea de documentaci\u00f3n monumental, apelando a sus propios recuerdos y a la memoria de su relaci\u00f3n con Parra, Gumucio escribi\u00f3 un libro cuyo t\u00edtulo \u2013Nicanor Parra, rey y mendigo\u2013 condensa la complejidad inabarcable de uno de los m\u00e1s grandes poetas de habla hispana, una biograf\u00eda conmovedora que echa luz sobre cada uno de los momentos de la vida de un hombre irrepetible.<\/p>\n","protected":false},"featured_media":5533,"comment_status":"closed","ping_status":"closed","template":"","meta":[],"class_list":{"0":"post-3094","1":"product","2":"type-product","3":"status-publish","4":"has-post-thumbnail","6":"product_cat-ensayo-diarios-y-biografias","7":"post","9":"first","10":"onbackorder","11":"taxable","12":"shipping-taxable","13":"purchasable","14":"product-type-simple"},"_links":{"self":[{"href":"https:\/\/cienfuegos.fr\/index.php\/wp-json\/wp\/v2\/product\/3094","targetHints":{"allow":["GET"]}}],"collection":[{"href":"https:\/\/cienfuegos.fr\/index.php\/wp-json\/wp\/v2\/product"}],"about":[{"href":"https:\/\/cienfuegos.fr\/index.php\/wp-json\/wp\/v2\/types\/product"}],"replies":[{"embeddable":true,"href":"https:\/\/cienfuegos.fr\/index.php\/wp-json\/wp\/v2\/comments?post=3094"}],"wp:featuredmedia":[{"embeddable":true,"href":"https:\/\/cienfuegos.fr\/index.php\/wp-json\/wp\/v2\/media\/5533"}],"wp:attachment":[{"href":"https:\/\/cienfuegos.fr\/index.php\/wp-json\/wp\/v2\/media?parent=3094"}],"curies":[{"name":"wp","href":"https:\/\/api.w.org\/{rel}","templated":true}]}}