{"id":3087,"date":"2020-07-13T17:05:08","date_gmt":"2020-07-13T15:05:08","guid":{"rendered":"https:\/\/cienfuegos.fr\/?post_type=product&#038;p=3087"},"modified":"2020-09-04T06:31:14","modified_gmt":"2020-09-04T04:31:14","slug":"ensayos-biograficos","status":"publish","type":"product","link":"https:\/\/cienfuegos.fr\/index.php\/product\/ensayos-biograficos\/","title":{"rendered":"Ensayos biogr\u00e1ficos"},"content":{"rendered":"","protected":false},"excerpt":{"rendered":"<p>Autor: Roberto, Merino<br \/>\nEditorial: Universidad Diego Portales<br \/>\nA\u00f1o de publicaci\u00f3n: 2016<br \/>\nN\u00famero de p\u00e1ginas: 140<br \/>\nI.S.B.N: 978-956-314-343-0<\/p>\n<p>El poeta Enrique Lihn sol\u00eda dar largas caminatas por la ciudad, solo o acompa\u00f1ado de alg\u00fan amigo, con quien conversaba libremente sobre la literatura y sobre la vida. Mucho de esa fluidez y de ese ritmo del andar tienen estos ensayos biogr\u00e1ficos escritos por Roberto Merino, que alguna vez disfrut\u00f3 de esas caminatas. Echando mano a sus recuerdos, as\u00ed como a varios testimonios, textos del propio autor, fotograf\u00edas y documentos, Merino recorre en estas p\u00e1ginas las principales estaciones vitales de Lihn: desde las relaciones con la figura fuerte e imponente de su abuela hasta su crucial viaje a Cuba en los a\u00f1os 60, desde el m\u00edtico y nebuloso duelo con Jorge Teillier \u2013que nunca lleg\u00f3 a concretarse\u2013 hasta los recovecos m\u00e1s divertidos de su forma de hablar. Merino construye con trazos finos, emotivos y a la vez serenos, el perfil de un hombre complejo y entra\u00f1able, figura clave de la literatura chilena del siglo XX.<\/p>\n","protected":false},"featured_media":5375,"comment_status":"closed","ping_status":"closed","template":"","meta":[],"class_list":{"0":"post-3087","1":"product","2":"type-product","3":"status-publish","4":"has-post-thumbnail","6":"product_cat-ensayo-diarios-y-biografias","7":"post","9":"first","10":"instock","11":"taxable","12":"shipping-taxable","13":"purchasable","14":"product-type-simple"},"_links":{"self":[{"href":"https:\/\/cienfuegos.fr\/index.php\/wp-json\/wp\/v2\/product\/3087","targetHints":{"allow":["GET"]}}],"collection":[{"href":"https:\/\/cienfuegos.fr\/index.php\/wp-json\/wp\/v2\/product"}],"about":[{"href":"https:\/\/cienfuegos.fr\/index.php\/wp-json\/wp\/v2\/types\/product"}],"replies":[{"embeddable":true,"href":"https:\/\/cienfuegos.fr\/index.php\/wp-json\/wp\/v2\/comments?post=3087"}],"wp:featuredmedia":[{"embeddable":true,"href":"https:\/\/cienfuegos.fr\/index.php\/wp-json\/wp\/v2\/media\/5375"}],"wp:attachment":[{"href":"https:\/\/cienfuegos.fr\/index.php\/wp-json\/wp\/v2\/media?parent=3087"}],"curies":[{"name":"wp","href":"https:\/\/api.w.org\/{rel}","templated":true}]}}