{"id":3085,"date":"2020-07-13T17:05:06","date_gmt":"2020-07-13T15:05:06","guid":{"rendered":"https:\/\/cienfuegos.fr\/?post_type=product&#038;p=3085"},"modified":"2020-09-05T19:42:54","modified_gmt":"2020-09-05T17:42:54","slug":"el-arte-de-la-resurreccion","status":"publish","type":"product","link":"https:\/\/cienfuegos.fr\/index.php\/product\/el-arte-de-la-resurreccion\/","title":{"rendered":"El arte de la resurrecci\u00f3n"},"content":{"rendered":"","protected":false},"excerpt":{"rendered":"<p>Autor: Rivera Letelier, Hern\u00e1n<br \/>\nEditorial: Alfaguara<br \/>\nA\u00f1o de publicaci\u00f3n: 2010<br \/>\nN\u00famero de p\u00e1ginas: 272<br \/>\nI.S.B.N:<\/p>\n<p>Domingo Z\u00e1rate Vega comenz\u00f3 a advertir formas apocal\u00edpticas en las nubes y a acertar en la predicci\u00f3n de peque\u00f1os desastres. Tras la muerte de su madre, se hace ermita\u00f1o en el Valle de Elqui, donde descubre, a trav\u00e9s de una visi\u00f3n, que \u00e9l es nada menos que la reencarnaci\u00f3n de Jesucristo. Cuando en 1942 se entera de que en la oficina Providencia vive una prostituta que venera a la Virgen del Carmen y que adem\u00e1s se llama Magalena, sale a buscarla con el prop\u00f3sito de que sea su disc\u00edpula y amante, y juntos divulgar la inminente llegada del fin del mundo. El desierto chileno y las oficinas salitreras castigadas por el sol son los hostiles parajes donde el iluminado, m\u00e1s conocido como el Cristo del Elqui, causar\u00e1 revuelo entre los lugare\u00f1os con sus pr\u00e9dicas santas. Personajes grotescos y entra\u00f1ables, sermones afiebrados e inveros\u00edmiles milagros son los elementos con que Hern\u00e1n Rivera Letelier construye esta inolvidable cr\u00f3nica de una \u00e9poca y una geograf\u00eda \u00fanicas en una prosa llena de humor y surrealismo.<\/p>\n","protected":false},"featured_media":5307,"comment_status":"closed","ping_status":"closed","template":"","meta":[],"class_list":{"0":"post-3085","1":"product","2":"type-product","3":"status-publish","4":"has-post-thumbnail","6":"product_cat-narrativa","7":"post","9":"first","10":"instock","11":"taxable","12":"shipping-taxable","13":"purchasable","14":"product-type-simple"},"_links":{"self":[{"href":"https:\/\/cienfuegos.fr\/index.php\/wp-json\/wp\/v2\/product\/3085","targetHints":{"allow":["GET"]}}],"collection":[{"href":"https:\/\/cienfuegos.fr\/index.php\/wp-json\/wp\/v2\/product"}],"about":[{"href":"https:\/\/cienfuegos.fr\/index.php\/wp-json\/wp\/v2\/types\/product"}],"replies":[{"embeddable":true,"href":"https:\/\/cienfuegos.fr\/index.php\/wp-json\/wp\/v2\/comments?post=3085"}],"wp:featuredmedia":[{"embeddable":true,"href":"https:\/\/cienfuegos.fr\/index.php\/wp-json\/wp\/v2\/media\/5307"}],"wp:attachment":[{"href":"https:\/\/cienfuegos.fr\/index.php\/wp-json\/wp\/v2\/media?parent=3085"}],"curies":[{"name":"wp","href":"https:\/\/api.w.org\/{rel}","templated":true}]}}