{"id":3084,"date":"2020-07-13T17:05:04","date_gmt":"2020-07-13T15:05:04","guid":{"rendered":"https:\/\/cienfuegos.fr\/?post_type=product&#038;p=3084"},"modified":"2020-09-05T19:45:24","modified_gmt":"2020-09-05T17:45:24","slug":"salmo-de-la-estrella-de-la-manana","status":"publish","type":"product","link":"https:\/\/cienfuegos.fr\/index.php\/product\/salmo-de-la-estrella-de-la-manana\/","title":{"rendered":"Salmo de la estrella de la ma\u00f1ana"},"content":{"rendered":"","protected":false},"excerpt":{"rendered":"<p>Autor: Lubicz Milosz, Oscar Vladislas; Esquinca, Jorge (traductor)<br \/>\nEditorial: Bonobos<br \/>\nA\u00f1o de publicaci\u00f3n: 2015<br \/>\nN\u00famero de p\u00e1ginas: 84<br \/>\nI.S.B.N:<\/p>\n<p>Salmo de la Estrella de la ma\u00f1ana de Milosz versi\u00f3n de Jorge Esquinca. Esta antolog\u00eda, adem\u00e1s de ofrecer una muestra sustancial de su aventura po\u00e9tica, intenta seguir los trazos de esa aparici\u00f3n fundamental en la vida de Milosz.<\/p>\n","protected":false},"featured_media":0,"comment_status":"closed","ping_status":"closed","template":"","meta":[],"class_list":{"0":"post-3084","1":"product","2":"type-product","3":"status-publish","5":"product_cat-narrativa","6":"post","8":"first","9":"instock","10":"taxable","11":"shipping-taxable","12":"purchasable","13":"product-type-simple"},"_links":{"self":[{"href":"https:\/\/cienfuegos.fr\/index.php\/wp-json\/wp\/v2\/product\/3084","targetHints":{"allow":["GET"]}}],"collection":[{"href":"https:\/\/cienfuegos.fr\/index.php\/wp-json\/wp\/v2\/product"}],"about":[{"href":"https:\/\/cienfuegos.fr\/index.php\/wp-json\/wp\/v2\/types\/product"}],"replies":[{"embeddable":true,"href":"https:\/\/cienfuegos.fr\/index.php\/wp-json\/wp\/v2\/comments?post=3084"}],"wp:attachment":[{"href":"https:\/\/cienfuegos.fr\/index.php\/wp-json\/wp\/v2\/media?parent=3084"}],"curies":[{"name":"wp","href":"https:\/\/api.w.org\/{rel}","templated":true}]}}