{"id":3082,"date":"2020-07-13T17:05:01","date_gmt":"2020-07-13T15:05:01","guid":{"rendered":"https:\/\/cienfuegos.fr\/?post_type=product&#038;p=3082"},"modified":"2020-09-05T20:19:32","modified_gmt":"2020-09-05T18:19:32","slug":"amor-perdido","status":"publish","type":"product","link":"https:\/\/cienfuegos.fr\/index.php\/product\/amor-perdido\/","title":{"rendered":"Amor perdido"},"content":{"rendered":"","protected":false},"excerpt":{"rendered":"<p>Autor: Monsiv\u00e1is, Carlos<br \/>\nEditorial: Era<br \/>\nA\u00f1o de publicaci\u00f3n: 1986<br \/>\nN\u00famero de p\u00e1ginas: 352<br \/>\nI.S.B.N:<\/p>\n<p>Carlos Monsiv\u00e1is re\u00fane un muestrario de personajes que de modos diversos, ins\u00f3litos a veces, ilustran facetas de la sociedad mexicana. As\u00ed, gracias a su particular estilo, desfilan ante el lector m\u00fasicos (Lara, Jim\u00e9nez), chavos onderos y clase alta, figuras espectaculares (Fidel Vel\u00e1zquez, La Tigresa, Isela Vega, Siqueiros), un escritor singular ahogado por su ubicua figura (Novo), un maestro de ceremonias de masas (Ra\u00fal Velasco) y los militantes de izquierda que con sus vidas y muertes son el indispensable contrapunto del amor perdido por la historia mexicana.<\/p>\n","protected":false},"featured_media":5234,"comment_status":"closed","ping_status":"closed","template":"","meta":[],"class_list":{"0":"post-3082","1":"product","2":"type-product","3":"status-publish","4":"has-post-thumbnail","6":"product_cat-ensayo","7":"post","9":"first","10":"instock","11":"taxable","12":"shipping-taxable","13":"purchasable","14":"product-type-simple"},"_links":{"self":[{"href":"https:\/\/cienfuegos.fr\/index.php\/wp-json\/wp\/v2\/product\/3082","targetHints":{"allow":["GET"]}}],"collection":[{"href":"https:\/\/cienfuegos.fr\/index.php\/wp-json\/wp\/v2\/product"}],"about":[{"href":"https:\/\/cienfuegos.fr\/index.php\/wp-json\/wp\/v2\/types\/product"}],"replies":[{"embeddable":true,"href":"https:\/\/cienfuegos.fr\/index.php\/wp-json\/wp\/v2\/comments?post=3082"}],"wp:featuredmedia":[{"embeddable":true,"href":"https:\/\/cienfuegos.fr\/index.php\/wp-json\/wp\/v2\/media\/5234"}],"wp:attachment":[{"href":"https:\/\/cienfuegos.fr\/index.php\/wp-json\/wp\/v2\/media?parent=3082"}],"curies":[{"name":"wp","href":"https:\/\/api.w.org\/{rel}","templated":true}]}}