{"id":3081,"date":"2020-07-13T17:04:59","date_gmt":"2020-07-13T15:04:59","guid":{"rendered":"https:\/\/cienfuegos.fr\/?post_type=product&#038;p=3081"},"modified":"2020-09-05T20:21:01","modified_gmt":"2020-09-05T18:21:01","slug":"el-baron-rampante","status":"publish","type":"product","link":"https:\/\/cienfuegos.fr\/index.php\/product\/el-baron-rampante\/","title":{"rendered":"El bar\u00f3n rampante"},"content":{"rendered":"","protected":false},"excerpt":{"rendered":"<p>Autor: Calvino, Italo<br \/>\nEditorial: Siruela<br \/>\nA\u00f1o de publicaci\u00f3n: 1990<br \/>\nN\u00famero de p\u00e1ginas: 280<br \/>\nI.S.B.N:<\/p>\n<p>Cuando ten\u00eda doce a\u00f1os, Cosimo Piovasco, bar\u00f3n de Rond\u00f3, en un gesto de rebeli\u00f3n contra la tiran\u00eda familiar, se encaram\u00f3 a una encina del jard\u00edn de la casa paterna. Ese mismo d\u00eda, el 15 de junio de 1767, encontr\u00f3 a la hija de los marqueses de Ondarivia y le anunci\u00f3 su prop\u00f3sito de no bajar nunca de los \u00e1rboles. Desde entonces y hasta el final de su vida, Cosimo permanece fiel a una disciplina que \u00e9l mismo se ha impuesto. La acci\u00f3n fant\u00e1stica transcurre en las postrimer\u00edas del siglo XVIII y en los albores del XIX. Cosimo participa tanto en la revoluci\u00f3n francesa como en las invasiones napole\u00f3nicas, pero sin abandonar nunca esa distancia necesaria que le permite estar dentro y fuera de las cosas al mismo tiempo. En esta espl\u00e9ndida obra, Calvino se enfrenta con el que, seg\u00fan \u00e9l mismo declar\u00f3, es su verdadero tema narrativo: \u00abUna persona se fija voluntariamente una dif\u00edcil regla y la sigue hasta sus \u00faltimas consecuencias, ya que sin ella no ser\u00eda \u00e9l mismo ni para s\u00ed ni para los otros\u00bb.<\/p>\n","protected":false},"featured_media":5308,"comment_status":"closed","ping_status":"closed","template":"","meta":[],"class_list":{"0":"post-3081","1":"product","2":"type-product","3":"status-publish","4":"has-post-thumbnail","6":"product_cat-narrativa","7":"post","9":"first","10":"instock","11":"taxable","12":"shipping-taxable","13":"purchasable","14":"product-type-simple"},"_links":{"self":[{"href":"https:\/\/cienfuegos.fr\/index.php\/wp-json\/wp\/v2\/product\/3081","targetHints":{"allow":["GET"]}}],"collection":[{"href":"https:\/\/cienfuegos.fr\/index.php\/wp-json\/wp\/v2\/product"}],"about":[{"href":"https:\/\/cienfuegos.fr\/index.php\/wp-json\/wp\/v2\/types\/product"}],"replies":[{"embeddable":true,"href":"https:\/\/cienfuegos.fr\/index.php\/wp-json\/wp\/v2\/comments?post=3081"}],"wp:featuredmedia":[{"embeddable":true,"href":"https:\/\/cienfuegos.fr\/index.php\/wp-json\/wp\/v2\/media\/5308"}],"wp:attachment":[{"href":"https:\/\/cienfuegos.fr\/index.php\/wp-json\/wp\/v2\/media?parent=3081"}],"curies":[{"name":"wp","href":"https:\/\/api.w.org\/{rel}","templated":true}]}}