{"id":3080,"date":"2020-07-13T17:04:58","date_gmt":"2020-07-13T15:04:58","guid":{"rendered":"https:\/\/cienfuegos.fr\/?post_type=product&#038;p=3080"},"modified":"2020-09-05T20:22:18","modified_gmt":"2020-09-05T18:22:18","slug":"el-poeta-al-aire-libre-2","status":"publish","type":"product","link":"https:\/\/cienfuegos.fr\/index.php\/product\/el-poeta-al-aire-libre-2\/","title":{"rendered":"El poeta al aire libre"},"content":{"rendered":"","protected":false},"excerpt":{"rendered":"<p>Autor: Monterroso, Augusto<br \/>\nEditorial: UNAM<br \/>\nA\u00f1o de publicaci\u00f3n: 2000<br \/>\nN\u00famero de p\u00e1ginas:<br \/>\nI.S.B.N:<\/p>\n<p>Usado muy buen estado. Selecci\u00f3n del autor, con pr\u00f3logo de Juan Domingo Arguelles, ep\u00edlogo y entrevista de Mempo Giardinelli.<\/p>\n","protected":false},"featured_media":0,"comment_status":"closed","ping_status":"closed","template":"","meta":[],"class_list":{"0":"post-3080","1":"product","2":"type-product","3":"status-publish","5":"product_cat-narrativa","6":"post","8":"first","9":"instock","10":"taxable","11":"shipping-taxable","12":"purchasable","13":"product-type-simple"},"_links":{"self":[{"href":"https:\/\/cienfuegos.fr\/index.php\/wp-json\/wp\/v2\/product\/3080","targetHints":{"allow":["GET"]}}],"collection":[{"href":"https:\/\/cienfuegos.fr\/index.php\/wp-json\/wp\/v2\/product"}],"about":[{"href":"https:\/\/cienfuegos.fr\/index.php\/wp-json\/wp\/v2\/types\/product"}],"replies":[{"embeddable":true,"href":"https:\/\/cienfuegos.fr\/index.php\/wp-json\/wp\/v2\/comments?post=3080"}],"wp:attachment":[{"href":"https:\/\/cienfuegos.fr\/index.php\/wp-json\/wp\/v2\/media?parent=3080"}],"curies":[{"name":"wp","href":"https:\/\/api.w.org\/{rel}","templated":true}]}}