{"id":3079,"date":"2020-07-13T17:04:56","date_gmt":"2020-07-13T15:04:56","guid":{"rendered":"https:\/\/cienfuegos.fr\/?post_type=product&#038;p=3079"},"modified":"2020-09-05T20:24:27","modified_gmt":"2020-09-05T18:24:27","slug":"ave-soul","status":"publish","type":"product","link":"https:\/\/cienfuegos.fr\/index.php\/product\/ave-soul\/","title":{"rendered":"Ave soul"},"content":{"rendered":"","protected":false},"excerpt":{"rendered":"<p>Autor: Pimentel, Jorge<br \/>\nEditorial: Sin Fin<br \/>\nA\u00f1o de publicaci\u00f3n: 2013<br \/>\nN\u00famero de p\u00e1ginas: 136<br \/>\nI.S.B.N:<\/p>\n<p>\u201cAparec\u00eda Ave Soul, un libro de pocas p\u00e1ginas, pero inmaculado, arriesgado, con una expresi\u00f3n de madurez nada habitual en la poes\u00eda de aquellos a\u00f1os y tampoco en la de \u00e9stos, que fue recibido, por otra parte, no con tambores ni rese\u00f1as ni premios, y que cumpli\u00f3 sobradamente con el primer requisito parriano de una obra maestra: pasar inadvertida [\u2026] el libro de Pimentel a\u00fan est\u00e1 all\u00ed, como pan fresco reci\u00e9n salido del horno, y la tragicomedia es que nadie se ha dado cuenta.\u00bb Roberto Bola\u00f1o. Blanes, 2000<\/p>\n","protected":false},"featured_media":5227,"comment_status":"closed","ping_status":"closed","template":"","meta":[],"class_list":{"0":"post-3079","1":"product","2":"type-product","3":"status-publish","4":"has-post-thumbnail","6":"product_cat-poesia","7":"post","9":"first","10":"instock","11":"taxable","12":"shipping-taxable","13":"purchasable","14":"product-type-simple"},"_links":{"self":[{"href":"https:\/\/cienfuegos.fr\/index.php\/wp-json\/wp\/v2\/product\/3079","targetHints":{"allow":["GET"]}}],"collection":[{"href":"https:\/\/cienfuegos.fr\/index.php\/wp-json\/wp\/v2\/product"}],"about":[{"href":"https:\/\/cienfuegos.fr\/index.php\/wp-json\/wp\/v2\/types\/product"}],"replies":[{"embeddable":true,"href":"https:\/\/cienfuegos.fr\/index.php\/wp-json\/wp\/v2\/comments?post=3079"}],"wp:featuredmedia":[{"embeddable":true,"href":"https:\/\/cienfuegos.fr\/index.php\/wp-json\/wp\/v2\/media\/5227"}],"wp:attachment":[{"href":"https:\/\/cienfuegos.fr\/index.php\/wp-json\/wp\/v2\/media?parent=3079"}],"curies":[{"name":"wp","href":"https:\/\/api.w.org\/{rel}","templated":true}]}}