{"id":3076,"date":"2020-07-13T17:04:52","date_gmt":"2020-07-13T15:04:52","guid":{"rendered":"https:\/\/cienfuegos.fr\/?post_type=product&#038;p=3076"},"modified":"2020-09-05T20:30:17","modified_gmt":"2020-09-05T18:30:17","slug":"nueve-ensayos-dantescos","status":"publish","type":"product","link":"https:\/\/cienfuegos.fr\/index.php\/product\/nueve-ensayos-dantescos\/","title":{"rendered":"Nueve ensayos dantescos"},"content":{"rendered":"","protected":false},"excerpt":{"rendered":"<p>Autor: Borges, Jorge Luis<br \/>\nEditorial: Espasa Calpe<br \/>\nA\u00f1o de publicaci\u00f3n: 1982<br \/>\nN\u00famero de p\u00e1ginas: 176<br \/>\nI.S.B.N:<\/p>\n<p>Introducci\u00f3n de Marcos Ricardo Barnat\u00e1n. Presentaci\u00f3n por Joaqu\u00edn Arce.<\/p>\n","protected":false},"featured_media":0,"comment_status":"closed","ping_status":"closed","template":"","meta":[],"class_list":{"0":"post-3076","1":"product","2":"type-product","3":"status-publish","5":"product_cat-teatro","6":"post","8":"first","9":"instock","10":"taxable","11":"shipping-taxable","12":"purchasable","13":"product-type-simple"},"_links":{"self":[{"href":"https:\/\/cienfuegos.fr\/index.php\/wp-json\/wp\/v2\/product\/3076","targetHints":{"allow":["GET"]}}],"collection":[{"href":"https:\/\/cienfuegos.fr\/index.php\/wp-json\/wp\/v2\/product"}],"about":[{"href":"https:\/\/cienfuegos.fr\/index.php\/wp-json\/wp\/v2\/types\/product"}],"replies":[{"embeddable":true,"href":"https:\/\/cienfuegos.fr\/index.php\/wp-json\/wp\/v2\/comments?post=3076"}],"wp:attachment":[{"href":"https:\/\/cienfuegos.fr\/index.php\/wp-json\/wp\/v2\/media?parent=3076"}],"curies":[{"name":"wp","href":"https:\/\/api.w.org\/{rel}","templated":true}]}}