{"id":3075,"date":"2020-07-13T17:04:50","date_gmt":"2020-07-13T15:04:50","guid":{"rendered":"https:\/\/cienfuegos.fr\/?post_type=product&#038;p=3075"},"modified":"2020-09-05T20:33:34","modified_gmt":"2020-09-05T18:33:34","slug":"poesie-recente-dargentine-une-anthologie-possible","status":"publish","type":"product","link":"https:\/\/cienfuegos.fr\/index.php\/product\/poesie-recente-dargentine-une-anthologie-possible\/","title":{"rendered":"Po\u00e9sie r\u00e9cente d&#8217;Argentine. Une anthologie possible"},"content":{"rendered":"","protected":false},"excerpt":{"rendered":"<p>Autor: AAVV<br \/>\nEditorial: Reflet de lettres, Abra pampa ediciones<br \/>\nA\u00f1o de publicaci\u00f3n: 2013<br \/>\nN\u00famero de p\u00e1ginas: 252<br \/>\nI.S.B.N:<\/p>\n<p>Textes en espagnol et en fran\u00e7ais r\u00e9unispar Jorge Fondebrider. Traductions de Vivian Lofiego et Claude Bleton. Pr\u00e9face de Bernardo Schiavetta.<\/p>\n","protected":false},"featured_media":4811,"comment_status":"closed","ping_status":"closed","template":"","meta":[],"class_list":{"0":"post-3075","1":"product","2":"type-product","3":"status-publish","4":"has-post-thumbnail","6":"product_cat-ensayo","7":"post","9":"first","10":"instock","11":"taxable","12":"shipping-taxable","13":"purchasable","14":"product-type-simple"},"_links":{"self":[{"href":"https:\/\/cienfuegos.fr\/index.php\/wp-json\/wp\/v2\/product\/3075","targetHints":{"allow":["GET"]}}],"collection":[{"href":"https:\/\/cienfuegos.fr\/index.php\/wp-json\/wp\/v2\/product"}],"about":[{"href":"https:\/\/cienfuegos.fr\/index.php\/wp-json\/wp\/v2\/types\/product"}],"replies":[{"embeddable":true,"href":"https:\/\/cienfuegos.fr\/index.php\/wp-json\/wp\/v2\/comments?post=3075"}],"wp:featuredmedia":[{"embeddable":true,"href":"https:\/\/cienfuegos.fr\/index.php\/wp-json\/wp\/v2\/media\/4811"}],"wp:attachment":[{"href":"https:\/\/cienfuegos.fr\/index.php\/wp-json\/wp\/v2\/media?parent=3075"}],"curies":[{"name":"wp","href":"https:\/\/api.w.org\/{rel}","templated":true}]}}