{"id":3073,"date":"2020-07-13T17:04:47","date_gmt":"2020-07-13T15:04:47","guid":{"rendered":"https:\/\/cienfuegos.fr\/?post_type=product&#038;p=3073"},"modified":"2020-09-05T20:35:56","modified_gmt":"2020-09-05T18:35:56","slug":"micromachismos","status":"publish","type":"product","link":"https:\/\/cienfuegos.fr\/index.php\/product\/micromachismos\/","title":{"rendered":"Micromachismos"},"content":{"rendered":"","protected":false},"excerpt":{"rendered":"<p>Autor: Bonino, Luis<br \/>\nEditorial: Popova<br \/>\nA\u00f1o de publicaci\u00f3n: 2016<br \/>\nN\u00famero de p\u00e1ginas: 42<br \/>\nI.S.B.N:<\/p>\n<p>Luis Bonino desarrolla desde hace casi 40 a\u00f1os numerosas actividades en los \u00e1mbitos de la Salud mental y de la promoci\u00f3n de la igualdad entre mujeres y varones. Psicoterapeuta y m\u00e9dico psiquiatra desde los a\u00f1os 70, comenz\u00f3 su formaci\u00f3n en Salud Mental y Salud P\u00fablica en Argentina. Desde los a\u00f1os 80 se ha especializado en el abordaje cl\u00ednico y preventivo de las problem\u00e1ticas de mujeres y varones asociadas a su socializaci\u00f3n de g\u00e9nero. Estas tem\u00e1ticas siguen ocupando, en la actualidad y de manera especial, su inter\u00e9s profesional. Vive en Madrid desde los 90. All\u00ed es coordinador del Centro de Estudios de la Condici\u00f3n Masculina, en el que se ofrece asesoramiento cl\u00ednico y docente en temas relacionados con las problem\u00e1ticas individuales e interpersonales de los varones. Participa desde hace m\u00e1s de veinte a\u00f1os en diversas instituciones y organizaciones espa\u00f1olas, europeas y latinoamericanas como consultor, conferenciante y docente.<\/p>\n","protected":false},"featured_media":4809,"comment_status":"closed","ping_status":"closed","template":"","meta":[],"class_list":{"0":"post-3073","1":"product","2":"type-product","3":"status-publish","4":"has-post-thumbnail","6":"product_cat-narrativa","7":"post","9":"first","10":"instock","11":"taxable","12":"shipping-taxable","13":"purchasable","14":"product-type-simple"},"_links":{"self":[{"href":"https:\/\/cienfuegos.fr\/index.php\/wp-json\/wp\/v2\/product\/3073","targetHints":{"allow":["GET"]}}],"collection":[{"href":"https:\/\/cienfuegos.fr\/index.php\/wp-json\/wp\/v2\/product"}],"about":[{"href":"https:\/\/cienfuegos.fr\/index.php\/wp-json\/wp\/v2\/types\/product"}],"replies":[{"embeddable":true,"href":"https:\/\/cienfuegos.fr\/index.php\/wp-json\/wp\/v2\/comments?post=3073"}],"wp:featuredmedia":[{"embeddable":true,"href":"https:\/\/cienfuegos.fr\/index.php\/wp-json\/wp\/v2\/media\/4809"}],"wp:attachment":[{"href":"https:\/\/cienfuegos.fr\/index.php\/wp-json\/wp\/v2\/media?parent=3073"}],"curies":[{"name":"wp","href":"https:\/\/api.w.org\/{rel}","templated":true}]}}