{"id":3069,"date":"2020-07-13T17:04:42","date_gmt":"2020-07-13T15:04:42","guid":{"rendered":"https:\/\/cienfuegos.fr\/?post_type=product&#038;p=3069"},"modified":"2020-08-10T12:20:07","modified_gmt":"2020-08-10T10:20:07","slug":"quiroga-intimo-correspondencia-diario-de-viaje-a-paris","status":"publish","type":"product","link":"https:\/\/cienfuegos.fr\/index.php\/product\/quiroga-intimo-correspondencia-diario-de-viaje-a-paris\/","title":{"rendered":"Quiroga \u00edntimo. Correspondencia. Diario de viaje a Par\u00eds"},"content":{"rendered":"","protected":false},"excerpt":{"rendered":"<p>Autor: Quiroga, Horacio<br \/>\nEditorial: P\u00e1ginas de espuma<br \/>\nA\u00f1o de publicaci\u00f3n: 2010<br \/>\nN\u00famero de p\u00e1ginas: 656<br \/>\nI.S.B.N:<\/p>\n<p>Diario de viaje a Par\u00eds es el \u00fanico testimonio de la estancia de Quiroga en la capital francesa durante la Exposici\u00f3n Universal de 1900. Sus p\u00e1ginas, que contienen anotaciones literarias y valiosas observaciones sobre la atm\u00f3sfera de la ciudad, son sin embargo la historia de una decepci\u00f3n. \u00abCr\u00e9ame -escribi\u00f3 Quiroga a un amigo-, yo fui a Par\u00eds s\u00f3lo por la bicicleta\u00bb. A su regreso, el escritor rioplatense dar\u00eda con otra colosa m\u00e1s adecuada a su temperamento: la selva. Sobre ese encuentro versa su correspondencia, recogida aqu\u00ed en su versi\u00f3n m\u00e1s completa hasta el momento. Adem\u00e1s de numerosas impresiones sobre la selva, en sus cartas pueden rastrearse reflexiones sobre la naciente profesionalizaci\u00f3n de la escritura, la vida cultural porte\u00f1a, sobre Alfonsina Storni, Leopoldo Lugones o Julio Herrera y Reissig. Las \u00faltimas cartas, mucho m\u00e1s abundantes y profundas desde que Quiroga decidi\u00f3 abandonar la escritura, son quiz\u00e1s la obra que no tuvo tiempo de escribir: \u00abel libro de mi vida, en fragmentos\u00bb.<\/p>\n","protected":false},"featured_media":4806,"comment_status":"closed","ping_status":"closed","template":"","meta":[],"class_list":{"0":"post-3069","1":"product","2":"type-product","3":"status-publish","4":"has-post-thumbnail","6":"product_cat-epistolario-diarios-y-biografias","7":"post","9":"first","10":"instock","11":"taxable","12":"shipping-taxable","13":"purchasable","14":"product-type-simple"},"_links":{"self":[{"href":"https:\/\/cienfuegos.fr\/index.php\/wp-json\/wp\/v2\/product\/3069","targetHints":{"allow":["GET"]}}],"collection":[{"href":"https:\/\/cienfuegos.fr\/index.php\/wp-json\/wp\/v2\/product"}],"about":[{"href":"https:\/\/cienfuegos.fr\/index.php\/wp-json\/wp\/v2\/types\/product"}],"replies":[{"embeddable":true,"href":"https:\/\/cienfuegos.fr\/index.php\/wp-json\/wp\/v2\/comments?post=3069"}],"wp:featuredmedia":[{"embeddable":true,"href":"https:\/\/cienfuegos.fr\/index.php\/wp-json\/wp\/v2\/media\/4806"}],"wp:attachment":[{"href":"https:\/\/cienfuegos.fr\/index.php\/wp-json\/wp\/v2\/media?parent=3069"}],"curies":[{"name":"wp","href":"https:\/\/api.w.org\/{rel}","templated":true}]}}