{"id":3066,"date":"2020-07-13T17:04:36","date_gmt":"2020-07-13T15:04:36","guid":{"rendered":"https:\/\/cienfuegos.fr\/?post_type=product&#038;p=3066"},"modified":"2020-09-05T20:49:39","modified_gmt":"2020-09-05T18:49:39","slug":"el-rincon-de-los-muertos","status":"publish","type":"product","link":"https:\/\/cienfuegos.fr\/index.php\/product\/el-rincon-de-los-muertos\/","title":{"rendered":"El rinc\u00f3n de los muertos"},"content":{"rendered":"","protected":false},"excerpt":{"rendered":"<p>Autor: Pita, Alfredo<br \/>\nEditorial: Textual (Per\u00fa)<br \/>\nA\u00f1o de publicaci\u00f3n: 2014<br \/>\nN\u00famero de p\u00e1ginas: 482<br \/>\nI.S.B.N:<\/p>\n<p>El Rinc\u00f3n de los Muertos, la nueva novela de Alfredo Pita, habla de la violencia que devastaba el Per\u00fa hacia 1991, en particular la regi\u00f3n de Ayacucho, donde desde hac\u00eda una d\u00e9cada se enfrentaban el ej\u00e9rcito peruano y miembros de Sendero Luminoso. Usando hechos hist\u00f3ricos como tel\u00f3n de fondo, el autor se vale h\u00e1bilmente de la ficci\u00f3n para recrear la atm\u00f3sfera cruel que rein\u00f3 en esa provincia y en toda la regi\u00f3n en ese per\u00edodo sangriento. El libro ha recibido muy buenas cr\u00edticas y ha sido considerado de inmediato como la m\u00e1s representativa novela dedicada a ese doloroso conflicto.<\/p>\n","protected":false},"featured_media":5365,"comment_status":"closed","ping_status":"closed","template":"","meta":[],"class_list":{"0":"post-3066","1":"product","2":"type-product","3":"status-publish","4":"has-post-thumbnail","6":"product_cat-narrativa","7":"post","9":"first","10":"instock","11":"taxable","12":"shipping-taxable","13":"purchasable","14":"product-type-simple"},"_links":{"self":[{"href":"https:\/\/cienfuegos.fr\/index.php\/wp-json\/wp\/v2\/product\/3066","targetHints":{"allow":["GET"]}}],"collection":[{"href":"https:\/\/cienfuegos.fr\/index.php\/wp-json\/wp\/v2\/product"}],"about":[{"href":"https:\/\/cienfuegos.fr\/index.php\/wp-json\/wp\/v2\/types\/product"}],"replies":[{"embeddable":true,"href":"https:\/\/cienfuegos.fr\/index.php\/wp-json\/wp\/v2\/comments?post=3066"}],"wp:featuredmedia":[{"embeddable":true,"href":"https:\/\/cienfuegos.fr\/index.php\/wp-json\/wp\/v2\/media\/5365"}],"wp:attachment":[{"href":"https:\/\/cienfuegos.fr\/index.php\/wp-json\/wp\/v2\/media?parent=3066"}],"curies":[{"name":"wp","href":"https:\/\/api.w.org\/{rel}","templated":true}]}}