{"id":3064,"date":"2020-07-13T17:04:33","date_gmt":"2020-07-13T15:04:33","guid":{"rendered":"https:\/\/cienfuegos.fr\/?post_type=product&#038;p=3064"},"modified":"2020-09-05T20:51:52","modified_gmt":"2020-09-05T18:51:52","slug":"el-naufrago-de-las-estrellas-2","status":"publish","type":"product","link":"https:\/\/cienfuegos.fr\/index.php\/product\/el-naufrago-de-las-estrellas-2\/","title":{"rendered":"El n\u00e1ufrago de las estrellas"},"content":{"rendered":"","protected":false},"excerpt":{"rendered":"<p>Autor: Belgrano Rawson, Eduardo<br \/>\nEditorial: Pomaire<br \/>\nA\u00f1o de publicaci\u00f3n: 1979<br \/>\nN\u00famero de p\u00e1ginas: 190<br \/>\nI.S.B.N :<\/p>\n<p>Buen estado. \u00bfSe puede sobrevivir a un naufragio vital? Embarcado en una aventura que considera atractiva a pesar de su edad, el Cenizo descubrir\u00e1 el precio de su ilusi\u00f3n: el destino intenta arrebatarle barco, esposa y tripulaci\u00f3n. Sacudidos por las tempestades o encallados en el oc\u00e9ano, los personajes de la novela descubrir\u00e1n la soledad y el abandono. En su viaje hacia ninguna parte se enfrentar\u00e1n a la vida y a la muerte. El Cenizo, \u00fanico superviviente, ni siquiera podr\u00e1 contar con los recuerdos, n\u00facleos de dolor, sufrimiento y vac\u00edo. En las postrimer\u00edas de la navegaci\u00f3n a vela, descubrimos que la nostalgia puede ser fatal y que el esfuerzo humano no siempre tiene recompensa. El protagonista, viejo lobo de mar, se enfrenta inseguro al Cabo de Hornos sin darse cuenta de que se enfrenta, en realidad, a su propia existencia. Retrato vital de un heterog\u00e9neo grupo humano, la novela profundiza en la soledad y en la incapacidad humana para afrontarla. El autor recoge la herencia literaria de Melville o Conrad y la reconvierte en una traves\u00eda vital por la biograf\u00eda de los personajes, para profundizar en los sentimientos y los recuerdos de todos ellos en el justo instante del final de sus d\u00edas.<\/p>\n","protected":false},"featured_media":5363,"comment_status":"closed","ping_status":"closed","template":"","meta":[],"class_list":{"0":"post-3064","1":"product","2":"type-product","3":"status-publish","4":"has-post-thumbnail","6":"product_cat-narrativa","7":"post","9":"first","10":"instock","11":"taxable","12":"shipping-taxable","13":"purchasable","14":"product-type-simple"},"_links":{"self":[{"href":"https:\/\/cienfuegos.fr\/index.php\/wp-json\/wp\/v2\/product\/3064","targetHints":{"allow":["GET"]}}],"collection":[{"href":"https:\/\/cienfuegos.fr\/index.php\/wp-json\/wp\/v2\/product"}],"about":[{"href":"https:\/\/cienfuegos.fr\/index.php\/wp-json\/wp\/v2\/types\/product"}],"replies":[{"embeddable":true,"href":"https:\/\/cienfuegos.fr\/index.php\/wp-json\/wp\/v2\/comments?post=3064"}],"wp:featuredmedia":[{"embeddable":true,"href":"https:\/\/cienfuegos.fr\/index.php\/wp-json\/wp\/v2\/media\/5363"}],"wp:attachment":[{"href":"https:\/\/cienfuegos.fr\/index.php\/wp-json\/wp\/v2\/media?parent=3064"}],"curies":[{"name":"wp","href":"https:\/\/api.w.org\/{rel}","templated":true}]}}